{"id":122,"date":"2023-08-06T22:07:16","date_gmt":"2023-08-06T22:07:16","guid":{"rendered":"https:\/\/ferineks.com\/?page_id=122"},"modified":"2023-11-15T19:23:54","modified_gmt":"2023-11-15T19:23:54","slug":"beyaz-esya","status":"publish","type":"page","link":"https:\/\/ferineks.com\/en\/sektorler\/beyaz-esya\/","title":{"rendered":"Home Appliance"},"content":{"rendered":"<p>White Goods\/Home Appliance industry is the main business focus of Ferineks. A considerable part of our stock range consists of grades, thicknesses and widths specifically chosen for this industry. This feature creates a benefit for Ferineks customers for occasions that require timely delivery.<\/p>\r\n\r\n\r\n\r\n<p>Ferineks attentively chooses supplier mills among local and global ones simultaneously. Thanks to this variety, Ferineks keeps its advantage to offer the same material from different origins for different target markets. This diversity creates a value for markets that apply safeguard and quotas such as Europe.<\/p>\r\n\r\n\r\n\r\n<p>Spot sipari\u015flerin yan\u0131 s\u0131ra, beyaz e\u015fya\/ev aletleri sekt\u00f6r\u00fc i\u00e7in s\u00f6zle\u015fmeli sipari\u015f modeli ile de tedarik sa\u011flamaktay\u0131z. Bu s\u00f6zle\u015fmeler \u00e7eyrek veya alt\u0131 ayl\u0131k bir d\u00f6nemi kapsayabilmektedir.\u00a0 Fiyatland\u0131rma ve teslimat ko\u015fullar\u0131 s\u00f6zle\u015fme ile belirlenir ve Ferineks tedarik edece\u011fi malzemeleri \u00f6nceden anla\u015f\u0131lan sat\u0131\u015f ko\u015fullar\u0131na g\u00f6re i\u015fleyerek teslim eder.<\/p>\r\n\r\n\r\n\r\n<p>Its attention to dimensional tolerances is the key reason for Ferineks' well deserved reputation. Ferineks quality team and well trained machine operators meticulously check every step of processes to cut and slit coils to the tightest possible tolerances. Targeted edge camber and out of squareness values are guaranteed for buyers to ensure hassle free usage of the materials.<\/p>\r\n\r\n\r\n\r\n<p>Ferineks offers a wide range of cold rolled and galvanized materials for the home appliance industry. For more details on the steel grades we offer and thier standards, please visit the relevant pages under the products heading.<\/p>","protected":false},"excerpt":{"rendered":"<p>Beyaz E\u015fya\/Ev Aletleri sekt\u00f6r\u00fc, Ferineks&#8217;in ana i\u015f oda\u011f\u0131d\u0131r. Stok yelpazemizin \u00f6nemli bir k\u0131sm\u0131, bu end\u00fcstri i\u00e7in \u00f6zel olarak se\u00e7ilmi\u015f kaliteler, kal\u0131nl\u0131klar ve geni\u015fliklerden olu\u015fmaktad\u0131r. Stok yap\u0131m\u0131z, zaman\u0131nda teslimat gerektiren durumlar i\u00e7in Ferineks m\u00fc\u015fterilerine avantaj sa\u011flamaktad\u0131r. Ferineks, yerel ve k\u00fcresel tedarik\u00e7ilerini \u00f6zenle se\u00e7mektedir. Bu \u00e7e\u015fitlilik sayesinde, ayn\u0131 malzemeyi farkl\u0131 orijinlerden farkl\u0131 hedef pazarlara sunabilme avantaj\u0131m\u0131z\u0131 koruyoruz. [&hellip;]<\/p>","protected":false},"author":1,"featured_media":991,"parent":120,"menu_order":1,"comment_status":"closed","ping_status":"closed","template":"template-industries.php","meta":{"_monsterinsights_skip_tracking":false,"_monsterinsights_sitenote_active":false,"_monsterinsights_sitenote_note":"","_monsterinsights_sitenote_category":0,"footnotes":""},"class_list":["post-122","page","type-page","status-publish","has-post-thumbnail","hentry"],"aioseo_notices":[],"_links":{"self":[{"href":"https:\/\/ferineks.com\/en\/wp-json\/wp\/v2\/pages\/122","targetHints":{"allow":["GET"]}}],"collection":[{"href":"https:\/\/ferineks.com\/en\/wp-json\/wp\/v2\/pages"}],"about":[{"href":"https:\/\/ferineks.com\/en\/wp-json\/wp\/v2\/types\/page"}],"author":[{"embeddable":true,"href":"https:\/\/ferineks.com\/en\/wp-json\/wp\/v2\/users\/1"}],"replies":[{"embeddable":true,"href":"https:\/\/ferineks.com\/en\/wp-json\/wp\/v2\/comments?post=122"}],"version-history":[{"count":3,"href":"https:\/\/ferineks.com\/en\/wp-json\/wp\/v2\/pages\/122\/revisions"}],"predecessor-version":[{"id":992,"href":"https:\/\/ferineks.com\/en\/wp-json\/wp\/v2\/pages\/122\/revisions\/992"}],"up":[{"embeddable":true,"href":"https:\/\/ferineks.com\/en\/wp-json\/wp\/v2\/pages\/120"}],"wp:featuredmedia":[{"embeddable":true,"href":"https:\/\/ferineks.com\/en\/wp-json\/wp\/v2\/media\/991"}],"wp:attachment":[{"href":"https:\/\/ferineks.com\/en\/wp-json\/wp\/v2\/media?parent=122"}],"curies":[{"name":"wp","href":"https:\/\/api.w.org\/{rel}","templated":true}]}}