{"id":124,"date":"2023-08-06T22:07:33","date_gmt":"2023-08-06T22:07:33","guid":{"rendered":"https:\/\/ferineks.com\/?page_id=124"},"modified":"2023-11-15T19:24:51","modified_gmt":"2023-11-15T19:24:51","slug":"emaye","status":"publish","type":"page","link":"https:\/\/ferineks.com\/en\/sektorler\/emaye\/","title":{"rendered":"Enamel Coated Products"},"content":{"rendered":"<p>Enameling is a ceramic coating process made by using enamel frit in order to protect the metal against external effects, especially corrosion. The use of appropriate steel grade is mandatory for assuring the efficiency of the enamel process and for meeting expectations of the end users. Cold forming capability and enameling process of choice should be taken into account in order to determine the right steel grade.<\/p>\r\n\r\n\r\n\r\n<p>Main application areas are kitchen equipment, stove burners, oven components, oven trays.<\/p>\r\n\r\n\r\n\r\n<p>Steel for enameling process are subject to EN 10209 standard. These are: DC01EK, DC04EK, DC05EK, DC06EK, DC03ED, DC04ED and DC06ED.<\/p>\r\n\r\n\r\n\r\n<p>Ferineks offers a wide range of cold rolled steels for enameling. For more details on the steel grades we offer and thier standards, please visit the relevant pages under the products heading.<\/p>","protected":false},"excerpt":{"rendered":"<p>Emaye, metali ba\u015fta korozyon olmak \u00fczere d\u0131\u015f etkenlerden korumak amac\u0131yla emaye friti kullan\u0131larak yap\u0131lan seramik kaplama i\u015flemidir. Emaye i\u015fleminin etkinli\u011finin sa\u011flanmas\u0131 ve son kullan\u0131c\u0131lar\u0131n beklentilerinin kar\u015f\u0131lanmas\u0131 i\u00e7in uygun \u00e7elik s\u0131n\u0131f\u0131n\u0131n kullan\u0131lmas\u0131 zorunludur. Do\u011fru \u00e7elik kalitesini belirlemek i\u00e7in so\u011fuk \u015fekillendirme beklentisi ve tercih edilen emayeleme prosesi dikkate al\u0131nmal\u0131d\u0131r. Ana uygulama alanlar\u0131 mutfak ekipmanlar\u0131, ocak bekleri, f\u0131r\u0131n [&hellip;]<\/p>","protected":false},"author":1,"featured_media":336,"parent":120,"menu_order":2,"comment_status":"closed","ping_status":"closed","template":"template-industries.php","meta":{"_monsterinsights_skip_tracking":false,"_monsterinsights_sitenote_active":false,"_monsterinsights_sitenote_note":"","_monsterinsights_sitenote_category":0,"footnotes":""},"class_list":["post-124","page","type-page","status-publish","has-post-thumbnail","hentry"],"aioseo_notices":[],"_links":{"self":[{"href":"https:\/\/ferineks.com\/en\/wp-json\/wp\/v2\/pages\/124","targetHints":{"allow":["GET"]}}],"collection":[{"href":"https:\/\/ferineks.com\/en\/wp-json\/wp\/v2\/pages"}],"about":[{"href":"https:\/\/ferineks.com\/en\/wp-json\/wp\/v2\/types\/page"}],"author":[{"embeddable":true,"href":"https:\/\/ferineks.com\/en\/wp-json\/wp\/v2\/users\/1"}],"replies":[{"embeddable":true,"href":"https:\/\/ferineks.com\/en\/wp-json\/wp\/v2\/comments?post=124"}],"version-history":[{"count":2,"href":"https:\/\/ferineks.com\/en\/wp-json\/wp\/v2\/pages\/124\/revisions"}],"predecessor-version":[{"id":319,"href":"https:\/\/ferineks.com\/en\/wp-json\/wp\/v2\/pages\/124\/revisions\/319"}],"up":[{"embeddable":true,"href":"https:\/\/ferineks.com\/en\/wp-json\/wp\/v2\/pages\/120"}],"wp:featuredmedia":[{"embeddable":true,"href":"https:\/\/ferineks.com\/en\/wp-json\/wp\/v2\/media\/336"}],"wp:attachment":[{"href":"https:\/\/ferineks.com\/en\/wp-json\/wp\/v2\/media?parent=124"}],"curies":[{"name":"wp","href":"https:\/\/api.w.org\/{rel}","templated":true}]}}