{"id":126,"date":"2023-08-06T22:08:11","date_gmt":"2023-08-06T22:08:11","guid":{"rendered":"https:\/\/ferineks.com\/?page_id=126"},"modified":"2023-11-15T19:24:29","modified_gmt":"2023-11-15T19:24:29","slug":"yapi-profil","status":"publish","type":"page","link":"https:\/\/ferineks.com\/en\/sektorler\/yapi-profil\/","title":{"rendered":"Construction \/ Profile"},"content":{"rendered":"<p>As a result of evolving customer expectations and developments in today's aesthetic understanding, steel as a building material is becoming more and more popular everyday. It is predicted that steel will carry its rise in this field to a further point, because of being suitable for mass production, recyclable and long lasting.<\/p>\r\n\r\n\r\n\r\n<p>Ceiling applications, raised floor systems, plaster profiles are main stream usage areas of steel raw materials for  fine construction \/ finishing works. For these purposes Ferineks provides a wide range of galvanized materials in slitted coil or cut to length format with coating thicknesses up to 600 gr\/m2.<\/p>\r\n\r\n\r\n\r\n<p>In addition to common construction profiles, Ferineks also offers zinc-magnesium (+ZM) and aluminum-silicon (+AS) coated materials for the solar panel industry. With their superior corrosion resistant features, profiles made of such materials are subject to a rising demand in today\u2019s market.<\/p>\r\n\r\n\r\n\r\n<p>Ferineks offers a wide range of cold rolled and galvanized materials for construction\/profile industry. For more details on the steel grades we offer and thier standards, please visit the relevant pages under the products heading.<\/p>","protected":false},"excerpt":{"rendered":"<p>Geli\u015fen m\u00fc\u015fteri beklentileri ve g\u00fcn\u00fcm\u00fcz estetik anlay\u0131\u015f\u0131ndaki geli\u015fmeler sonucunda bir yap\u0131 malzemesi olarak \u00e7elik her ge\u00e7en g\u00fcn daha pop\u00fcler hale gelmektedir. Seri \u00fcretime uygun, geri d\u00f6n\u00fc\u015ft\u00fcr\u00fclebilir ve uzun \u00f6m\u00fcrl\u00fc olmas\u0131 sebebiyle \u00e7eli\u011fin bu alandaki y\u00fckseli\u015fini daha da ileriye ta\u015f\u0131yaca\u011f\u0131 \u00f6ng\u00f6r\u00fclmektedir. Tavan uygulamalar\u0131, y\u00fckseltilmi\u015f d\u00f6\u015feme sistemleri, s\u0131va profilleri, ince in\u015faat i\u015fleri \u00e7elik hammaddelerinin ana ak\u0131m kullan\u0131m [&hellip;]<\/p>","protected":false},"author":1,"featured_media":505,"parent":120,"menu_order":0,"comment_status":"closed","ping_status":"closed","template":"template-industries.php","meta":{"_monsterinsights_skip_tracking":false,"_monsterinsights_sitenote_active":false,"_monsterinsights_sitenote_note":"","_monsterinsights_sitenote_category":0,"footnotes":""},"class_list":["post-126","page","type-page","status-publish","has-post-thumbnail","hentry"],"aioseo_notices":[],"_links":{"self":[{"href":"https:\/\/ferineks.com\/en\/wp-json\/wp\/v2\/pages\/126","targetHints":{"allow":["GET"]}}],"collection":[{"href":"https:\/\/ferineks.com\/en\/wp-json\/wp\/v2\/pages"}],"about":[{"href":"https:\/\/ferineks.com\/en\/wp-json\/wp\/v2\/types\/page"}],"author":[{"embeddable":true,"href":"https:\/\/ferineks.com\/en\/wp-json\/wp\/v2\/users\/1"}],"replies":[{"embeddable":true,"href":"https:\/\/ferineks.com\/en\/wp-json\/wp\/v2\/comments?post=126"}],"version-history":[{"count":2,"href":"https:\/\/ferineks.com\/en\/wp-json\/wp\/v2\/pages\/126\/revisions"}],"predecessor-version":[{"id":322,"href":"https:\/\/ferineks.com\/en\/wp-json\/wp\/v2\/pages\/126\/revisions\/322"}],"up":[{"embeddable":true,"href":"https:\/\/ferineks.com\/en\/wp-json\/wp\/v2\/pages\/120"}],"wp:featuredmedia":[{"embeddable":true,"href":"https:\/\/ferineks.com\/en\/wp-json\/wp\/v2\/media\/505"}],"wp:attachment":[{"href":"https:\/\/ferineks.com\/en\/wp-json\/wp\/v2\/media?parent=126"}],"curies":[{"name":"wp","href":"https:\/\/api.w.org\/{rel}","templated":true}]}}