{"id":132,"date":"2023-08-06T22:10:17","date_gmt":"2023-08-06T22:10:17","guid":{"rendered":"https:\/\/ferineks.com\/?page_id=132"},"modified":"2023-11-15T19:11:50","modified_gmt":"2023-11-15T19:11:50","slug":"elektrik-panosu-kablo-kanali","status":"publish","type":"page","link":"https:\/\/ferineks.com\/en\/sektorler\/elektrik-panosu-kablo-kanali\/","title":{"rendered":"Electric Panel \/ Cable Channel"},"content":{"rendered":"<p>Steel is widely used in the electric industry and two of the commonly used products are electric panels and cable channels. Properties of steel such as strength, durability, being maintenance free, versatility  and fire proof makes steel a great option for these applications. In addition, either for panel or channels, steel parts can be designed in a way to be modular for ease of installation and modification at site.<\/p>\r\n\r\n\r\n\r\n<p>Ferineks offers a wide range of cold rolled and galvanized materials for the electric industry. For more details on the steel grades we offer and thier standards, please visit the relevant pages under the products heading.<\/p>","protected":false},"excerpt":{"rendered":"<p>Elektrik end\u00fcstrisinde yayg\u0131n olarak \u00e7elik kullan\u0131lan yerlerden ikisi elektrik panolar\u0131 ve kablo kanallar\u0131d\u0131r. Mukavemet, dayan\u0131kl\u0131l\u0131k, bak\u0131m ihtiyac\u0131n\u0131n olmay\u0131\u015f\u0131, i\u015flenebilirlik ve yanmazl\u0131k gibi \u00f6zellikleri \u00e7eli\u011fi bu uygulamalar i\u00e7in m\u00fckemmel bir se\u00e7enek haline getirir. Ayr\u0131ca pano veya kanallar i\u00e7in \u00e7elik bile\u015fenler, \u015fantiyede montaj ve modifikasyon kolayl\u0131\u011f\u0131 i\u00e7in \u00f6nceden mod\u00fcler olacak \u015fekilde tasarlanabilir. Ferineks, elektrik end\u00fcstrisi i\u00e7in \u00e7ok [&hellip;]<\/p>","protected":false},"author":1,"featured_media":345,"parent":120,"menu_order":0,"comment_status":"closed","ping_status":"closed","template":"template-industries.php","meta":{"_monsterinsights_skip_tracking":false,"_monsterinsights_sitenote_active":false,"_monsterinsights_sitenote_note":"","_monsterinsights_sitenote_category":0,"footnotes":""},"class_list":["post-132","page","type-page","status-publish","has-post-thumbnail","hentry"],"aioseo_notices":[],"_links":{"self":[{"href":"https:\/\/ferineks.com\/en\/wp-json\/wp\/v2\/pages\/132","targetHints":{"allow":["GET"]}}],"collection":[{"href":"https:\/\/ferineks.com\/en\/wp-json\/wp\/v2\/pages"}],"about":[{"href":"https:\/\/ferineks.com\/en\/wp-json\/wp\/v2\/types\/page"}],"author":[{"embeddable":true,"href":"https:\/\/ferineks.com\/en\/wp-json\/wp\/v2\/users\/1"}],"replies":[{"embeddable":true,"href":"https:\/\/ferineks.com\/en\/wp-json\/wp\/v2\/comments?post=132"}],"version-history":[{"count":3,"href":"https:\/\/ferineks.com\/en\/wp-json\/wp\/v2\/pages\/132\/revisions"}],"predecessor-version":[{"id":578,"href":"https:\/\/ferineks.com\/en\/wp-json\/wp\/v2\/pages\/132\/revisions\/578"}],"up":[{"embeddable":true,"href":"https:\/\/ferineks.com\/en\/wp-json\/wp\/v2\/pages\/120"}],"wp:featuredmedia":[{"embeddable":true,"href":"https:\/\/ferineks.com\/en\/wp-json\/wp\/v2\/media\/345"}],"wp:attachment":[{"href":"https:\/\/ferineks.com\/en\/wp-json\/wp\/v2\/media?parent=132"}],"curies":[{"name":"wp","href":"https:\/\/api.w.org\/{rel}","templated":true}]}}