{"id":134,"date":"2023-08-06T22:10:32","date_gmt":"2023-08-06T22:10:32","guid":{"rendered":"https:\/\/ferineks.com\/?page_id=134"},"modified":"2023-11-15T19:05:25","modified_gmt":"2023-11-15T19:05:25","slug":"aydinlatma","status":"publish","type":"page","link":"https:\/\/ferineks.com\/en\/sektorler\/aydinlatma\/","title":{"rendered":"Lighting"},"content":{"rendered":"<p>\u0130\u015fyerlerinde ve ofislerde \u00e7al\u0131\u015fanlar\u0131n\u00a0 verimlili\u011fi i\u00e7in ayd\u0131nlatma \u00e7ok \u00f6nemli bir rol oynamaktad\u0131r. Uzunlamas\u0131na bir yap\u0131ya ve\/veya geni\u015f bir y\u00fczeye sahip ayd\u0131nlatma armat\u00fcrleri, da\u011f\u0131n\u0131k \u0131\u015f\u0131k sa\u011flad\u0131klar\u0131 i\u00e7in spot \u0131\u015f\u0131klardan daha \u00e7ok tercih edilirler. Bu t\u00fcr ayd\u0131nlatma sistemlerinin imalat\u0131nda \u00e7elik yayg\u0131n olarak kullan\u0131lan bir hammaddedir. \u00c7eli\u011fin \u00e7ok y\u00f6nl\u00fcl\u00fc\u011f\u00fc, tasar\u0131mc\u0131lar\u0131n kullan\u0131m kolayl\u0131\u011f\u0131n\u0131 stil ile birle\u015ftirmeleri i\u00e7in bir avantaj yarat\u0131r.<\/p>\r\n\r\n\r\n\r\n<p>Ferineks offers a wide range of cold rolled and galvanized materials for the lighting industry. For more details on the steel grades we offer and thier standards, please visit the relevant pages under the products heading.<\/p>","protected":false},"excerpt":{"rendered":"<p>\u0130\u015fyerlerinde ve ofislerde \u00e7al\u0131\u015fanlar\u0131n\u00a0 verimlili\u011fi i\u00e7in ayd\u0131nlatma \u00e7ok \u00f6nemli bir rol oynamaktad\u0131r. Uzunlamas\u0131na bir yap\u0131ya ve\/veya geni\u015f bir y\u00fczeye sahip ayd\u0131nlatma armat\u00fcrleri, da\u011f\u0131n\u0131k \u0131\u015f\u0131k sa\u011flad\u0131klar\u0131 i\u00e7in spot \u0131\u015f\u0131klardan daha \u00e7ok tercih edilirler. Bu t\u00fcr ayd\u0131nlatma sistemlerinin imalat\u0131nda \u00e7elik yayg\u0131n olarak kullan\u0131lan bir hammaddedir. \u00c7eli\u011fin \u00e7ok y\u00f6nl\u00fcl\u00fc\u011f\u00fc, tasar\u0131mc\u0131lar\u0131n kullan\u0131m kolayl\u0131\u011f\u0131n\u0131 stil ile birle\u015ftirmeleri i\u00e7in bir avantaj [&hellip;]<\/p>","protected":false},"author":1,"featured_media":347,"parent":120,"menu_order":0,"comment_status":"closed","ping_status":"closed","template":"template-industries.php","meta":{"_monsterinsights_skip_tracking":false,"_monsterinsights_sitenote_active":false,"_monsterinsights_sitenote_note":"","_monsterinsights_sitenote_category":0,"footnotes":""},"class_list":["post-134","page","type-page","status-publish","has-post-thumbnail","hentry"],"aioseo_notices":[],"_links":{"self":[{"href":"https:\/\/ferineks.com\/en\/wp-json\/wp\/v2\/pages\/134","targetHints":{"allow":["GET"]}}],"collection":[{"href":"https:\/\/ferineks.com\/en\/wp-json\/wp\/v2\/pages"}],"about":[{"href":"https:\/\/ferineks.com\/en\/wp-json\/wp\/v2\/types\/page"}],"author":[{"embeddable":true,"href":"https:\/\/ferineks.com\/en\/wp-json\/wp\/v2\/users\/1"}],"replies":[{"embeddable":true,"href":"https:\/\/ferineks.com\/en\/wp-json\/wp\/v2\/comments?post=134"}],"version-history":[{"count":4,"href":"https:\/\/ferineks.com\/en\/wp-json\/wp\/v2\/pages\/134\/revisions"}],"predecessor-version":[{"id":1310,"href":"https:\/\/ferineks.com\/en\/wp-json\/wp\/v2\/pages\/134\/revisions\/1310"}],"up":[{"embeddable":true,"href":"https:\/\/ferineks.com\/en\/wp-json\/wp\/v2\/pages\/120"}],"wp:featuredmedia":[{"embeddable":true,"href":"https:\/\/ferineks.com\/en\/wp-json\/wp\/v2\/media\/347"}],"wp:attachment":[{"href":"https:\/\/ferineks.com\/en\/wp-json\/wp\/v2\/media?parent=134"}],"curies":[{"name":"wp","href":"https:\/\/api.w.org\/{rel}","templated":true}]}}