{"id":136,"date":"2023-08-06T22:10:49","date_gmt":"2023-08-06T22:10:49","guid":{"rendered":"https:\/\/ferineks.com\/?page_id=136"},"modified":"2023-11-15T19:17:21","modified_gmt":"2023-11-15T19:17:21","slug":"mobilya","status":"publish","type":"page","link":"https:\/\/ferineks.com\/en\/sektorler\/mobilya\/","title":{"rendered":"Furniture"},"content":{"rendered":"<p>When durability is a priority, steel is the best option for manufacturing of furniture. Steel furniture is ideal for places such as schools, offices, dormitories and hospitals because they are sturdy, easy to maintain and clean. Another application area of steel is furniture assembly parts such as hinges and rails.<\/p>\r\n\r\n\r\n\r\n<p>Bu uygulamalarda kullan\u0131lan \u00e7elik kaliteleri, so\u011fuk \u015fekillendirme ve b\u00fckme i\u015flemlerine dayanacak\u00a0 \u00f6zelliklere sahip olmal\u0131d\u0131r. Ayn\u0131 zamanda kesintisiz bir seri \u00fcretim ak\u0131\u015f\u0131 i\u00e7in kullan\u0131lacak hammaddelerin boyutsal toleranslar\u0131 \u00e7ok \u00f6nemlidir. Sundu\u011fumuz \u00e7elik kaliteleri ve ilgili standartlar hakk\u0131nda daha fazla ayr\u0131nt\u0131 i\u00e7in l\u00fctfen \u00fcr\u00fcnler ba\u015fl\u0131\u011f\u0131 alt\u0131ndaki ilgili sayfalar\u0131 ziyaret edin.<\/p>","protected":false},"excerpt":{"rendered":"<p>Dayan\u0131kl\u0131l\u0131\u011f\u0131n \u00f6nem arz etti\u011fi durumlarda mobilya \u00fcretimi i\u00e7in \u00e7elik \u00e7ok iyi bir se\u00e7enektir. \u00c7elik mobilyalar sa\u011flam, bak\u0131m\u0131 ve temizlenmesi kolay oldu\u011fu i\u00e7in okul, ofis, yurt ve hastane gibi mekanlarda s\u0131k\u00e7a tercih edilirler. \u00c7eli\u011fin bir di\u011fer kullan\u0131m alan\u0131 ise mente\u015fe, ray gibi mobilya montaj par\u00e7alar\u0131d\u0131r. Bu uygulamalarda kullan\u0131lan \u00e7elik kaliteleri, so\u011fuk \u015fekillendirme ve b\u00fckme i\u015flemlerine dayanacak\u00a0 [&hellip;]<\/p>","protected":false},"author":1,"featured_media":349,"parent":120,"menu_order":0,"comment_status":"open","ping_status":"closed","template":"template-industries.php","meta":{"_monsterinsights_skip_tracking":false,"_monsterinsights_sitenote_active":false,"_monsterinsights_sitenote_note":"","_monsterinsights_sitenote_category":0,"footnotes":""},"class_list":["post-136","page","type-page","status-publish","has-post-thumbnail","hentry"],"aioseo_notices":[],"_links":{"self":[{"href":"https:\/\/ferineks.com\/en\/wp-json\/wp\/v2\/pages\/136","targetHints":{"allow":["GET"]}}],"collection":[{"href":"https:\/\/ferineks.com\/en\/wp-json\/wp\/v2\/pages"}],"about":[{"href":"https:\/\/ferineks.com\/en\/wp-json\/wp\/v2\/types\/page"}],"author":[{"embeddable":true,"href":"https:\/\/ferineks.com\/en\/wp-json\/wp\/v2\/users\/1"}],"replies":[{"embeddable":true,"href":"https:\/\/ferineks.com\/en\/wp-json\/wp\/v2\/comments?post=136"}],"version-history":[{"count":4,"href":"https:\/\/ferineks.com\/en\/wp-json\/wp\/v2\/pages\/136\/revisions"}],"predecessor-version":[{"id":1313,"href":"https:\/\/ferineks.com\/en\/wp-json\/wp\/v2\/pages\/136\/revisions\/1313"}],"up":[{"embeddable":true,"href":"https:\/\/ferineks.com\/en\/wp-json\/wp\/v2\/pages\/120"}],"wp:featuredmedia":[{"embeddable":true,"href":"https:\/\/ferineks.com\/en\/wp-json\/wp\/v2\/media\/349"}],"wp:attachment":[{"href":"https:\/\/ferineks.com\/en\/wp-json\/wp\/v2\/media?parent=136"}],"curies":[{"name":"wp","href":"https:\/\/api.w.org\/{rel}","templated":true}]}}