{"id":138,"date":"2023-08-06T22:11:11","date_gmt":"2023-08-06T22:11:11","guid":{"rendered":"https:\/\/ferineks.com\/?page_id=138"},"modified":"2023-11-15T19:18:03","modified_gmt":"2023-11-15T19:18:03","slug":"otomotiv","status":"publish","type":"page","link":"https:\/\/ferineks.com\/en\/sektorler\/otomotiv\/","title":{"rendered":"Automotive"},"content":{"rendered":"<p>Steel and automotive are two inseparable industries that evolve together. Being the most demanding of all application areas, automotive has the highest level of expectations from steel makers. In addition to zero tolerance for defects, automotive requires just in time deliveries as well.\u00a0<\/p>\r\n\r\n\r\n\r\n<p>Ferineks offers corrosion resistant coated steels for exhaust heat shield applications and deep drawing steels for oil filter applications. For more details on the steel grades we offer and thier standards, please visit the relevant pages under the products heading.<\/p>","protected":false},"excerpt":{"rendered":"<p>\u00c7elik ve otomotiv, birlikte geli\u015fen iki ayr\u0131lmaz sekt\u00f6rd\u00fcr. T\u00fcm uygulama alanlar\u0131 aras\u0131nda otomotiv malzeme kalitesi a\u00e7\u0131s\u0131ndan en y\u00fcksek beklentiye sahip olan sekt\u00f6rd\u00fcr. Bu sekt\u00f6r, malzeme kaynakl\u0131 kusurlara kar\u015f\u0131 s\u0131f\u0131r tolerans\u0131n yan\u0131nda dakik teslimat performans\u0131 da istemektedir.\u00a0 Ferineks, egzoz \u0131s\u0131 kalkan\u0131 uygulamalar\u0131 i\u00e7in korozyona dayan\u0131kl\u0131 kaplamal\u0131 \u00e7elikler ve ya\u011f filtresi uygulamalar\u0131 i\u00e7in derin \u00e7ekme \u00e7elikleri sunmaktad\u0131r. [&hellip;]<\/p>","protected":false},"author":1,"featured_media":352,"parent":120,"menu_order":0,"comment_status":"closed","ping_status":"closed","template":"template-industries.php","meta":{"_monsterinsights_skip_tracking":false,"_monsterinsights_sitenote_active":false,"_monsterinsights_sitenote_note":"","_monsterinsights_sitenote_category":0,"footnotes":""},"class_list":["post-138","page","type-page","status-publish","has-post-thumbnail","hentry"],"aioseo_notices":[],"_links":{"self":[{"href":"https:\/\/ferineks.com\/en\/wp-json\/wp\/v2\/pages\/138","targetHints":{"allow":["GET"]}}],"collection":[{"href":"https:\/\/ferineks.com\/en\/wp-json\/wp\/v2\/pages"}],"about":[{"href":"https:\/\/ferineks.com\/en\/wp-json\/wp\/v2\/types\/page"}],"author":[{"embeddable":true,"href":"https:\/\/ferineks.com\/en\/wp-json\/wp\/v2\/users\/1"}],"replies":[{"embeddable":true,"href":"https:\/\/ferineks.com\/en\/wp-json\/wp\/v2\/comments?post=138"}],"version-history":[{"count":4,"href":"https:\/\/ferineks.com\/en\/wp-json\/wp\/v2\/pages\/138\/revisions"}],"predecessor-version":[{"id":1314,"href":"https:\/\/ferineks.com\/en\/wp-json\/wp\/v2\/pages\/138\/revisions\/1314"}],"up":[{"embeddable":true,"href":"https:\/\/ferineks.com\/en\/wp-json\/wp\/v2\/pages\/120"}],"wp:featuredmedia":[{"embeddable":true,"href":"https:\/\/ferineks.com\/en\/wp-json\/wp\/v2\/media\/352"}],"wp:attachment":[{"href":"https:\/\/ferineks.com\/en\/wp-json\/wp\/v2\/media?parent=138"}],"curies":[{"name":"wp","href":"https:\/\/api.w.org\/{rel}","templated":true}]}}