{"id":14,"date":"2023-08-06T21:17:27","date_gmt":"2023-08-06T21:17:27","guid":{"rendered":"https:\/\/ferineks.com\/?page_id=14"},"modified":"2023-11-15T18:55:44","modified_gmt":"2023-11-15T18:55:44","slug":"ferineks-gebze","status":"publish","type":"page","link":"https:\/\/ferineks.com\/en\/kurumsal\/ferineks-gebze\/","title":{"rendered":"Ferineks Gebze"},"content":{"rendered":"<p><span style=\"font-weight: 400;\">Ferineks Plant 1 Gebze is the headquarters of the company. In addition to steel processing machinery, Ferineks administrative office and staff are present at this location.<\/span><\/p>\r\n\r\n\r\n\r\n<p><span style=\"font-weight: 400;\">When it comes to the steel business, Gebze\/Kocaeli region is the first area that comes to mind in Turkey. Not only the presence of modern organized industrial zones, but also its proximity to maritime ports as well as highways connecting Europe and Asia make Gebze a popular area for our industry.<\/span><\/p>\r\n\r\n\r\n\r\n<p><span style=\"font-weight: 400;\">Ferineks Plant 1 Gebze has an inhouse laboratory for quality control and auxiliary certification of steel coils prior to processing step.  Ferineks quality experts take samples from each coil to perform supplementary tests. Ferineks certificates show chemical and mechanical values along with coating thickness.<\/span><\/p>\r\n\r\n\r\n\r\n<h4 class=\"wp-block-heading\"><strong>Key figures:<\/strong><\/h4>\r\n\r\n\r\n\r\n<p><span style=\"font-weight: 400;\">Total Area: 4.000 sqm<\/span><\/p>\r\n\r\n\r\n\r\n<p><span style=\"font-weight: 400;\">Slitting Line Qty: 1<\/span><\/p>\r\n\r\n\r\n\r\n<p><span style=\"font-weight: 400;\">Cut to Length Line Qty: 1<\/span><\/p>\r\n\r\n\r\n\r\n<p><span style=\"font-weight: 400;\">Slitting Annual Capacity: 150.000 tons<\/span><\/p>\r\n\r\n\r\n\r\n<p><span style=\"font-weight: 400;\">Cut to Length Annual Capacity: 100.000 tons<\/span><\/p>\r\n\r\n\r\n\r\n<p><span style=\"font-weight: 400;\">Total Processing Capacity: 250.000 tons<\/span><\/p>\r\n\r\n\r\n\r\n<p>&nbsp;<\/p>\r\n\r\n\r\n\r\n<div class=\"wp-block-group\"><div class=\"wp-block-group__inner-container is-layout-constrained wp-block-group-is-layout-constrained\">\r\n<div class=\"wp-block-group\"><div class=\"wp-block-group__inner-container is-layout-constrained wp-block-group-is-layout-constrained\">\r\n<figure class=\"wp-block-table is-style-regular\">\r\n<table class=\"has-fixed-layout\">\r\n<tbody>\r\n<tr>\r\n<td><strong>Slitting Input Mother Coil Specifications<\/strong><\/td>\r\n<td class=\"has-text-align-center\" data-align=\"center\"><strong>min<\/strong><\/td>\r\n<td class=\"has-text-align-center\" data-align=\"center\"><strong>max<\/strong><\/td>\r\n<\/tr>\r\n<tr>\r\n<td>Thickness (mm)<\/td>\r\n<td class=\"has-text-align-center\" data-align=\"center\">0,25<\/td>\r\n<td class=\"has-text-align-center\" data-align=\"center\">3,0<\/td>\r\n<\/tr>\r\n<tr>\r\n<td>Inner Diameter (mm)<\/td>\r\n<td class=\"has-text-align-center\" data-align=\"center\">508<\/td>\r\n<td class=\"has-text-align-center\" data-align=\"center\">610<\/td>\r\n<\/tr>\r\n<tr>\r\n<td>Outer Diameter (mm)<\/td>\r\n<td class=\"has-text-align-center\" data-align=\"center\">\u00a0<\/td>\r\n<td class=\"has-text-align-center\" data-align=\"center\">2.000<\/td>\r\n<\/tr>\r\n<tr>\r\n<td>Width (mm)<\/td>\r\n<td class=\"has-text-align-center\" data-align=\"center\">\u00a0<\/td>\r\n<td class=\"has-text-align-center\" data-align=\"center\">1.670<\/td>\r\n<\/tr>\r\n<tr>\r\n<td>Weight (kg)<\/td>\r\n<td class=\"has-text-align-center\" data-align=\"center\">\u00a0<\/td>\r\n<td class=\"has-text-align-center\" data-align=\"center\">25.000<\/td>\r\n<\/tr>\r\n<\/tbody>\r\n<\/table>\r\n<\/figure>\r\n\r\n\r\n\r\n<p>&nbsp;<\/p>\r\n<\/div><\/div>\r\n<\/div><\/div>\r\n\r\n\r\n\r\n<figure class=\"wp-block-table\">\r\n<table class=\"has-fixed-layout\">\r\n<tbody>\r\n<tr>\r\n<td><strong>Slitter Output Coil Specifications<\/strong><\/td>\r\n<td class=\"has-text-align-center\" data-align=\"center\"><strong>min<\/strong><\/td>\r\n<td class=\"has-text-align-center\" data-align=\"center\"><strong>max<\/strong><\/td>\r\n<\/tr>\r\n<tr>\r\n<td>Inner Diameter (mm)<\/td>\r\n<td class=\"has-text-align-center\" data-align=\"center\">508<\/td>\r\n<td class=\"has-text-align-center\" data-align=\"center\">508<\/td>\r\n<\/tr>\r\n<tr>\r\n<td>Outer Diameter (mm)<\/td>\r\n<td class=\"has-text-align-center\" data-align=\"center\">500<\/td>\r\n<td class=\"has-text-align-center\" data-align=\"center\">2.000<\/td>\r\n<\/tr>\r\n<tr>\r\n<td>Width (mm)<\/td>\r\n<td class=\"has-text-align-center\" data-align=\"center\">19<\/td>\r\n<td class=\"has-text-align-center\" data-align=\"center\">1.650<\/td>\r\n<\/tr>\r\n<tr>\r\n<td>Weight (kg)<\/td>\r\n<td class=\"has-text-align-center\" data-align=\"center\">\u00a0<\/td>\r\n<td class=\"has-text-align-center\" data-align=\"center\">15.000<\/td>\r\n<\/tr>\r\n<\/tbody>\r\n<\/table>\r\n<\/figure>\r\n\r\n\r\n\r\n<p>&nbsp;<\/p>\r\n\r\n\r\n\r\n<figure class=\"wp-block-table\">\r\n<table class=\"has-fixed-layout\">\r\n<tbody>\r\n<tr>\r\n<td><strong>Cut to Length Input Coil Specifications<\/strong><\/td>\r\n<td class=\"has-text-align-center\" data-align=\"center\"><strong>min<\/strong><\/td>\r\n<td class=\"has-text-align-center\" data-align=\"center\"><strong>max<\/strong><\/td>\r\n<\/tr>\r\n<tr>\r\n<td>Thickness (mm)<\/td>\r\n<td class=\"has-text-align-center\" data-align=\"center\">0,25<\/td>\r\n<td class=\"has-text-align-center\" data-align=\"center\">3,0<\/td>\r\n<\/tr>\r\n<tr>\r\n<td>Inner Diameter (mm)<\/td>\r\n<td class=\"has-text-align-center\" data-align=\"center\">508<\/td>\r\n<td class=\"has-text-align-center\" data-align=\"center\">610<\/td>\r\n<\/tr>\r\n<tr>\r\n<td>Outer Diameter (mm)<\/td>\r\n<td class=\"has-text-align-center\" data-align=\"center\">\u00a0<\/td>\r\n<td class=\"has-text-align-center\" data-align=\"center\">2.000<\/td>\r\n<\/tr>\r\n<tr>\r\n<td>Width (mm)<\/td>\r\n<td class=\"has-text-align-center\" data-align=\"center\">250<\/td>\r\n<td class=\"has-text-align-center\" data-align=\"center\">1.650<\/td>\r\n<\/tr>\r\n<tr>\r\n<td>Weight (kg)<\/td>\r\n<td class=\"has-text-align-center\" data-align=\"center\">\u00a0<\/td>\r\n<td class=\"has-text-align-center\" data-align=\"center\">25.000<\/td>\r\n<\/tr>\r\n<\/tbody>\r\n<\/table>\r\n<\/figure>\r\n\r\n\r\n\r\n<p>&nbsp;<\/p>\r\n\r\n\r\n\r\n<figure class=\"wp-block-table\">\r\n<table class=\"has-fixed-layout\">\r\n<tbody>\r\n<tr>\r\n<td><strong>Cut to Length Sheet Specifications<\/strong><\/td>\r\n<td class=\"has-text-align-center\" data-align=\"center\"><strong>min<\/strong><\/td>\r\n<td class=\"has-text-align-center\" data-align=\"center\"><strong>max<\/strong><\/td>\r\n<\/tr>\r\n<tr>\r\n<td>Width (mm)<\/td>\r\n<td class=\"has-text-align-center\" data-align=\"center\">250<\/td>\r\n<td class=\"has-text-align-center\" data-align=\"center\">1.650<\/td>\r\n<\/tr>\r\n<tr>\r\n<td>Length (mm)<\/td>\r\n<td class=\"has-text-align-center\" data-align=\"center\">150<\/td>\r\n<td class=\"has-text-align-center\" data-align=\"center\">4.000<\/td>\r\n<\/tr>\r\n<\/tbody>\r\n<\/table>\r\n<\/figure>","protected":false},"excerpt":{"rendered":"<p>Ferineks Fabrika 1 Gebze \u015firketimizin ana merkezidir. \u00c7elik i\u015fleme makinelerinin yan\u0131 s\u0131ra Ferineks idari ofisi ve personeli de bu lokasyonda bulunmaktad\u0131r. T\u00fcrkiye&#8217;de \u00e7elik sekt\u00f6r\u00fc denilince akla ilk gelen b\u00f6lge Gebze\/Kocaeli b\u00f6lgesidir. Modern organize sanayi b\u00f6lgelerinin yan\u0131 s\u0131ra deniz limanlar\u0131na ve Avrupa ile Asya&#8217;y\u0131 birbirine ba\u011flayan otoyollara yak\u0131nl\u0131\u011f\u0131 Gebze&#8217;yi sanayimiz i\u00e7in g\u00f6zde bir b\u00f6lge haline getirmektedir. [&hellip;]<\/p>","protected":false},"author":1,"featured_media":984,"parent":23,"menu_order":0,"comment_status":"closed","ping_status":"closed","template":"template-about-us.php","meta":{"_monsterinsights_skip_tracking":false,"_monsterinsights_sitenote_active":false,"_monsterinsights_sitenote_note":"","_monsterinsights_sitenote_category":0,"footnotes":""},"class_list":["post-14","page","type-page","status-publish","has-post-thumbnail","hentry"],"aioseo_notices":[],"_links":{"self":[{"href":"https:\/\/ferineks.com\/en\/wp-json\/wp\/v2\/pages\/14","targetHints":{"allow":["GET"]}}],"collection":[{"href":"https:\/\/ferineks.com\/en\/wp-json\/wp\/v2\/pages"}],"about":[{"href":"https:\/\/ferineks.com\/en\/wp-json\/wp\/v2\/types\/page"}],"author":[{"embeddable":true,"href":"https:\/\/ferineks.com\/en\/wp-json\/wp\/v2\/users\/1"}],"replies":[{"embeddable":true,"href":"https:\/\/ferineks.com\/en\/wp-json\/wp\/v2\/comments?post=14"}],"version-history":[{"count":22,"href":"https:\/\/ferineks.com\/en\/wp-json\/wp\/v2\/pages\/14\/revisions"}],"predecessor-version":[{"id":1306,"href":"https:\/\/ferineks.com\/en\/wp-json\/wp\/v2\/pages\/14\/revisions\/1306"}],"up":[{"embeddable":true,"href":"https:\/\/ferineks.com\/en\/wp-json\/wp\/v2\/pages\/23"}],"wp:featuredmedia":[{"embeddable":true,"href":"https:\/\/ferineks.com\/en\/wp-json\/wp\/v2\/media\/984"}],"wp:attachment":[{"href":"https:\/\/ferineks.com\/en\/wp-json\/wp\/v2\/media?parent=14"}],"curies":[{"name":"wp","href":"https:\/\/api.w.org\/{rel}","templated":true}]}}