{"id":140,"date":"2023-08-06T22:11:28","date_gmt":"2023-08-06T22:11:28","guid":{"rendered":"https:\/\/ferineks.com\/?page_id=140"},"modified":"2023-11-15T19:19:32","modified_gmt":"2023-11-15T19:19:32","slug":"raf-teshir-sistemleri","status":"publish","type":"page","link":"https:\/\/ferineks.com\/en\/sektorler\/raf-teshir-sistemleri\/","title":{"rendered":"Rack \/ Display Stand"},"content":{"rendered":"<p>Racks and stands are commonly used in warehouses and for in-store display purposes as they allow efficient usage of space.  These structures are expected to carry heavy loads but to be light and modular at the same time. This is where galvanized steel comes into play.<\/p>\r\n\r\n\r\n\r\n<p>Racks and stands made of high quality galvanized steel provide a long service life, in addition to ease of disassembly and assembly in cases of relocation.<\/p>\r\n\r\n\r\n\r\n<p>For more details on the steel grades we offer and thier standards, please visit the relevant pages under the products heading.<\/p>","protected":false},"excerpt":{"rendered":"<p>Raf ve stantlar, alan\u0131n verimli kullan\u0131lmas\u0131na olanak sa\u011flad\u0131klar\u0131 i\u00e7in depolarda ve ma\u011faza i\u00e7i te\u015fhir ama\u00e7l\u0131 olarak s\u0131kl\u0131kla kullan\u0131lmaktad\u0131rlar. Bu yap\u0131lar\u0131n a\u011f\u0131r y\u00fckleri ta\u015f\u0131mas\u0131 ancak ayn\u0131 zamanda hafif ve mod\u00fcler olmas\u0131 da beklenmektedir. Bu beklentileri kar\u015f\u0131lamak i\u00e7in galvanizli \u00e7elik raf ve stand imalat\u0131nda s\u0131kl\u0131kla kullan\u0131lmaktad\u0131r. Y\u00fcksek kaliteli galvaniz \u00e7elikten imal edilen raf ve stantlar, uzun kullan\u0131m [&hellip;]<\/p>","protected":false},"author":1,"featured_media":354,"parent":120,"menu_order":0,"comment_status":"closed","ping_status":"closed","template":"template-industries.php","meta":{"_monsterinsights_skip_tracking":false,"_monsterinsights_sitenote_active":false,"_monsterinsights_sitenote_note":"","_monsterinsights_sitenote_category":0,"footnotes":""},"class_list":["post-140","page","type-page","status-publish","has-post-thumbnail","hentry"],"aioseo_notices":[],"_links":{"self":[{"href":"https:\/\/ferineks.com\/en\/wp-json\/wp\/v2\/pages\/140","targetHints":{"allow":["GET"]}}],"collection":[{"href":"https:\/\/ferineks.com\/en\/wp-json\/wp\/v2\/pages"}],"about":[{"href":"https:\/\/ferineks.com\/en\/wp-json\/wp\/v2\/types\/page"}],"author":[{"embeddable":true,"href":"https:\/\/ferineks.com\/en\/wp-json\/wp\/v2\/users\/1"}],"replies":[{"embeddable":true,"href":"https:\/\/ferineks.com\/en\/wp-json\/wp\/v2\/comments?post=140"}],"version-history":[{"count":2,"href":"https:\/\/ferineks.com\/en\/wp-json\/wp\/v2\/pages\/140\/revisions"}],"predecessor-version":[{"id":355,"href":"https:\/\/ferineks.com\/en\/wp-json\/wp\/v2\/pages\/140\/revisions\/355"}],"up":[{"embeddable":true,"href":"https:\/\/ferineks.com\/en\/wp-json\/wp\/v2\/pages\/120"}],"wp:featuredmedia":[{"embeddable":true,"href":"https:\/\/ferineks.com\/en\/wp-json\/wp\/v2\/media\/354"}],"wp:attachment":[{"href":"https:\/\/ferineks.com\/en\/wp-json\/wp\/v2\/media?parent=140"}],"curies":[{"name":"wp","href":"https:\/\/api.w.org\/{rel}","templated":true}]}}