{"id":1432,"date":"2024-05-03T14:11:01","date_gmt":"2024-05-03T14:11:01","guid":{"rendered":"https:\/\/ferineks.com\/?page_id=1432"},"modified":"2025-08-14T09:10:24","modified_gmt":"2025-08-14T09:10:24","slug":"kalite-politikamiz","status":"publish","type":"page","link":"https:\/\/ferineks.com\/en\/kurumsal\/kalite-politikamiz\/","title":{"rendered":"Entegre Y\u00f6netim Sistemleri Politikam\u0131z"},"content":{"rendered":"<p>T\u00fcm Ferineks \u00c7elik \u00dcr\u00fcnleri San. Ve Tic. A.\u015e. \u00e7al\u0131\u015fanlar\u0131 olarak; m\u00fc\u015fterimiz konumundaki herkesin, mevcut ve gelecekteki istek ve ihtiya\u00e7lar\u0131n\u0131 m\u00fcmk\u00fcn olan en \u00fcst seviyede kar\u015f\u0131layacak entegre, \u00fcr\u00fcn ve hizmeti;<\/p>\n<ul>\n<li>Ulusal ve uluslararas\u0131 standartlar ile kanun ve y\u00f6netmeliklerde belirtilen ve m\u00fc\u015fterilerimizce talep edilen entegre, gerekliliklerini sa\u011flamay\u0131,<\/li>\n<li>Politikam\u0131z\u0131n entegre y\u00f6netim sistemi hedeflerine \u00e7er\u00e7eve niteli\u011finde olmas\u0131<\/li>\n<li>Entegre Y\u00f6netim Sistemi kapsam\u0131nda konular\u0131n\u0131n \u015firketimizin her kademesi i\u00e7in ortak sorumluluk olmas\u0131n\u0131, tedarik\u00e7i ve y\u00fcklenicilerinin de uygun hareket etme y\u00fck\u00fcml\u00fcl\u00fc\u011f\u00fcn\u00fc ta\u015f\u0131malar\u0131n\u0131 sa\u011flamay\u0131,<\/li>\n<li>M\u00fc\u015fterilerimizin de\u011fi\u015fen ve geli\u015fen istek ve beklentilerini, ilk defada do\u011fru ve s\u00fcrekli olarak kar\u015f\u0131layarak m\u00fc\u015fteri memnuniyetini sa\u011flamay\u0131,<\/li>\n<li>Girdilerimizin \u00fcr\u00fcn entegremizi do\u011frudan etkiledi\u011fi bilinciyle tedarik\u00e7ilerimizle s\u00fcrekli ve g\u00fc\u00e7l\u00fc bir i\u015f birli\u011fi sa\u011flamay\u0131,<\/li>\n<li>\u00c7al\u0131\u015fanlar\u0131n\u0131n, y\u00fcklenicilerinin, \u00fc\u00e7\u00fcnc\u00fc \u015fah\u0131slar\u0131n ve t\u00fcm taraflar\u0131n ISO 9001 &amp; 14001 &amp; 45001 kapsam\u0131nda yetenek ve yetkinliklerinin iyile\u015ftirilmesi ve politikam\u0131z\u0131n gereklerinin duyurulmas\u0131 amac\u0131yla, e\u011fitim ve \u00f6\u011fretimi de te\u015fvik etmek suretiyle, bireysel geli\u015fimi ve organizasyonel iyile\u015ftirmeyi sa\u011flamay\u0131,<\/li>\n<li>\u015eirket hedeflerine ula\u015fmay\u0131 ve stratejilerimizi etkileyebilecek risk ve f\u0131rsat unsurlar\u0131n\u0131n Entegre Y\u00f6netim Sistemi kapsam\u0131nda ve f\u0131rsatlar\u0131n kurumsal risk y\u00f6netimi yakla\u015f\u0131m\u0131 kapsam\u0131nda etki ve olas\u0131l\u0131\u011fa g\u00f6re tan\u0131mlanmay\u0131, de\u011ferlendirilmeyi, izlenmeyi ve gerekti\u011finde aksiyonlar almay\u0131,<\/li>\n<li>\u00c7al\u0131\u015fanlar\u0131m\u0131z, m\u00fc\u015fterilerimiz, tedarik\u00e7ilerimiz ve kamuoyu nezdindeki itibar ve marka de\u011ferimizin korumay\u0131,<\/li>\n<li>Kritik i\u015f s\u00fcre\u00e7lerinde ya\u015fanabilecek kesintilerin \u00f6n\u00fcne ge\u00e7mek, \u00e7evresel etkileri de\u011ferlendirmek ve etkisini azaltma, \u00f6n\u00fcne ge\u00e7ilemedi\u011fi durumda hedeflenen kurtarma s\u00fcresi i\u00e7erisinde tekrar \u00e7al\u0131\u015fabilir hale getirmeyi,<\/li>\n<li>Sa\u011fl\u0131kl\u0131 ve G\u00fcvenli bir \u00e7al\u0131\u015fma ortam\u0131 sa\u011flamak i\u00e7in t\u00fcm yaralanmalar\u0131, sa\u011fl\u0131k bozulmalar\u0131n\u0131, i\u015f kazalar\u0131 ve meslek hastal\u0131klar\u0131 risklerini azaltmay\u0131, \u00e7al\u0131\u015fanlar\u0131m\u0131z\u0131n, ta\u015feronlar\u0131m\u0131z\u0131n, ziyaret\u00e7ilerimizin ve faaliyetlerimizden etkilenen herkesin ve \u00e7evremizin korunmas\u0131n\u0131 sa\u011flamay\u0131 ve Acil durumlara m\u00fcdahale edebilecek \u015fekilde yap\u0131lanmay\u0131, tehlikeleri ve kirlilik kaynaklar\u0131m\u0131z\u0131 yok etmeyi ya da azaltmay\u0131,<\/li>\n<li>\u00c7al\u0131\u015fanlar\u0131n ve \u00e7al\u0131\u015fan temsilcilerinin dan\u0131\u015fman ve kat\u0131l\u0131m\u0131n\u0131n sa\u011flanmas\u0131<\/li>\n<li>Uygulamakta oldu\u011fumuz y\u00f6netim sistemimizin standartlar\u0131n\u0131n gereklerini yerine getirecek \u015fekilde dok\u00fcmante edilmesi, belgelendirilmesi, \u00e7evre performans\u0131m\u0131z\u0131n artt\u0131r\u0131lmas\u0131 ve s\u00fcrekli iyile\u015ftirilmesini sa\u011flamay\u0131,<\/li>\n<li>M\u00fc\u015fterilerimizin daha d\u00fc\u015f\u00fck fire ile, daha d\u00fc\u015f\u00fck maliyetle ve m\u00fcmk\u00fcn olan en k\u0131sa s\u00fcrede de\u011fi\u015fen ve geli\u015fen taleplerini kar\u015f\u0131lamay\u0131<\/li>\n<li>\u0130klim de\u011fi\u015fikli\u011finin azalt\u0131lmas\u0131 ve uyumuna y\u00f6nelik, biyo\u00e7e\u015fitlilik ve ekosistemlerin korunmas\u0131na y\u00f6nelik \u00f6nlemler almay\u0131, taahh\u00fct\u00a0ediyoruz.<\/li>\n<\/ul>\n<p><strong>Y\u00d6NET\u0130M KURULU BA\u015eKANI<\/strong><\/p>\n<p><strong>Serhat TANSU\u011e<\/strong><\/p>\n<p>&nbsp;<\/p>\n<p>&nbsp;<\/p>\n<p>&nbsp;<\/p>\n<p>&nbsp;<\/p>\n<p>&nbsp;<\/p>\n<p>&nbsp;<\/p>\n<p>&nbsp;<\/p>","protected":false},"excerpt":{"rendered":"<p>T\u00fcm Ferineks \u00c7elik \u00dcr\u00fcnleri San. Ve Tic. A.\u015e. \u00e7al\u0131\u015fanlar\u0131 olarak; m\u00fc\u015fterimiz konumundaki herkesin, mevcut ve gelecekteki istek ve ihtiya\u00e7lar\u0131n\u0131 m\u00fcmk\u00fcn olan en \u00fcst seviyede kar\u015f\u0131layacak entegre, \u00fcr\u00fcn ve hizmeti; Ulusal ve uluslararas\u0131 standartlar ile kanun ve y\u00f6netmeliklerde belirtilen ve m\u00fc\u015fterilerimizce talep edilen entegre, gerekliliklerini sa\u011flamay\u0131, Politikam\u0131z\u0131n entegre y\u00f6netim sistemi hedeflerine \u00e7er\u00e7eve niteli\u011finde olmas\u0131 Entegre Y\u00f6netim [&hellip;]<\/p>","protected":false},"author":1,"featured_media":987,"parent":23,"menu_order":0,"comment_status":"closed","ping_status":"closed","template":"template-about-us.php","meta":{"_monsterinsights_skip_tracking":false,"_monsterinsights_sitenote_active":false,"_monsterinsights_sitenote_note":"","_monsterinsights_sitenote_category":0,"footnotes":""},"class_list":["post-1432","page","type-page","status-publish","has-post-thumbnail","hentry"],"aioseo_notices":[],"_links":{"self":[{"href":"https:\/\/ferineks.com\/en\/wp-json\/wp\/v2\/pages\/1432","targetHints":{"allow":["GET"]}}],"collection":[{"href":"https:\/\/ferineks.com\/en\/wp-json\/wp\/v2\/pages"}],"about":[{"href":"https:\/\/ferineks.com\/en\/wp-json\/wp\/v2\/types\/page"}],"author":[{"embeddable":true,"href":"https:\/\/ferineks.com\/en\/wp-json\/wp\/v2\/users\/1"}],"replies":[{"embeddable":true,"href":"https:\/\/ferineks.com\/en\/wp-json\/wp\/v2\/comments?post=1432"}],"version-history":[{"count":12,"href":"https:\/\/ferineks.com\/en\/wp-json\/wp\/v2\/pages\/1432\/revisions"}],"predecessor-version":[{"id":3328,"href":"https:\/\/ferineks.com\/en\/wp-json\/wp\/v2\/pages\/1432\/revisions\/3328"}],"up":[{"embeddable":true,"href":"https:\/\/ferineks.com\/en\/wp-json\/wp\/v2\/pages\/23"}],"wp:featuredmedia":[{"embeddable":true,"href":"https:\/\/ferineks.com\/en\/wp-json\/wp\/v2\/media\/987"}],"wp:attachment":[{"href":"https:\/\/ferineks.com\/en\/wp-json\/wp\/v2\/media?parent=1432"}],"curies":[{"name":"wp","href":"https:\/\/api.w.org\/{rel}","templated":true}]}}