{"id":16,"date":"2023-08-06T21:17:43","date_gmt":"2023-08-06T21:17:43","guid":{"rendered":"https:\/\/ferineks.com\/?page_id=16"},"modified":"2023-11-15T18:57:37","modified_gmt":"2023-11-15T18:57:37","slug":"ferineks-manisa","status":"publish","type":"page","link":"https:\/\/ferineks.com\/en\/kurumsal\/ferineks-manisa\/","title":{"rendered":"Ferineks Manisa"},"content":{"rendered":"<p><span style=\"font-weight: 400;\">Ferineks Plant 2 Manisa  is the second service location of the company. The main purpose of this investment is to decrease lead times by being closer to buyers in western Turkey.<\/span><\/p>\r\n\r\n\r\n\r\n<p><span style=\"font-weight: 400;\">Started to operate in  2009, Ferineks Manisa Plant boosted total processing capacity to 400.000 tons per year. Located in Manisa Organised Industrial Zone, Plant 2 has a very strategic position because of worldwide known steel consumer factories that also operate in the same region.<\/span><\/p>\r\n\r\n\r\n\r\n<p><strong>Key figures:<\/strong><\/p>\r\n\r\n\r\n\r\n<p><span style=\"font-weight: 400;\">Total Area: 2.000 sqm<\/span><\/p>\r\n\r\n\r\n\r\n<p><span style=\"font-weight: 400;\">Slitting Line Qty: 1<\/span><\/p>\r\n\r\n\r\n\r\n<p><span style=\"font-weight: 400;\">Cut to Length Line Qty: 1<\/span><\/p>\r\n\r\n\r\n\r\n<p><span style=\"font-weight: 400;\">Slitting Annual Capacity: 100.000 tons<\/span><\/p>\r\n\r\n\r\n\r\n<p><span style=\"font-weight: 400;\">Cut to Length Annual Capacity: 50.000 tons<\/span><\/p>\r\n\r\n\r\n\r\n<p><span style=\"font-weight: 400;\">Total Processing Capacity: 150.000 tons<\/span><\/p>\r\n\r\n\r\n\r\n<p>&nbsp;<\/p>\r\n\r\n\r\n\r\n<div class=\"wp-block-group\"><div class=\"wp-block-group__inner-container is-layout-constrained wp-block-group-is-layout-constrained\">\r\n<div class=\"wp-block-group\"><div class=\"wp-block-group__inner-container is-layout-constrained wp-block-group-is-layout-constrained\">\r\n<figure class=\"wp-block-table is-style-regular\">\r\n<table class=\"has-fixed-layout\">\r\n<tbody>\r\n<tr>\r\n<td><strong>Slitting Input Mother Coil Specifications<\/strong><\/td>\r\n<td class=\"has-text-align-center\" data-align=\"center\"><strong>min<\/strong><\/td>\r\n<td class=\"has-text-align-center\" data-align=\"center\"><strong>max<\/strong><\/td>\r\n<\/tr>\r\n<tr>\r\n<td>Thickness (mm)<\/td>\r\n<td class=\"has-text-align-center\" data-align=\"center\">0,25<\/td>\r\n<td class=\"has-text-align-center\" data-align=\"center\">3,0<\/td>\r\n<\/tr>\r\n<tr>\r\n<td>Inner Diameter (mm)<\/td>\r\n<td class=\"has-text-align-center\" data-align=\"center\">508<\/td>\r\n<td class=\"has-text-align-center\" data-align=\"center\">610<\/td>\r\n<\/tr>\r\n<tr>\r\n<td>Outer Diameter (mm)<\/td>\r\n<td class=\"has-text-align-center\" data-align=\"center\">\u00a0<\/td>\r\n<td class=\"has-text-align-center\" data-align=\"center\">2.000<\/td>\r\n<\/tr>\r\n<tr>\r\n<td>Width (mm)<\/td>\r\n<td class=\"has-text-align-center\" data-align=\"center\">\u00a0<\/td>\r\n<td class=\"has-text-align-center\" data-align=\"center\">1.670<\/td>\r\n<\/tr>\r\n<tr>\r\n<td>Weight (kg)<\/td>\r\n<td class=\"has-text-align-center\" data-align=\"center\">\u00a0<\/td>\r\n<td class=\"has-text-align-center\" data-align=\"center\">25.000<\/td>\r\n<\/tr>\r\n<\/tbody>\r\n<\/table>\r\n<\/figure>\r\n\r\n\r\n\r\n<p>&nbsp;<\/p>\r\n<\/div><\/div>\r\n<\/div><\/div>\r\n\r\n\r\n\r\n<figure class=\"wp-block-table\">\r\n<table class=\"has-fixed-layout\">\r\n<tbody>\r\n<tr>\r\n<td><strong>Slitter Output Coil Specifications<\/strong><\/td>\r\n<td class=\"has-text-align-center\" data-align=\"center\"><strong>min<\/strong><\/td>\r\n<td class=\"has-text-align-center\" data-align=\"center\"><strong>max<\/strong><\/td>\r\n<\/tr>\r\n<tr>\r\n<td>Inner Diameter (mm)<\/td>\r\n<td class=\"has-text-align-center\" data-align=\"center\">508<\/td>\r\n<td class=\"has-text-align-center\" data-align=\"center\">508<\/td>\r\n<\/tr>\r\n<tr>\r\n<td>Outer Diameter (mm)<\/td>\r\n<td class=\"has-text-align-center\" data-align=\"center\">500<\/td>\r\n<td class=\"has-text-align-center\" data-align=\"center\">2.000<\/td>\r\n<\/tr>\r\n<tr>\r\n<td>Width (mm)<\/td>\r\n<td class=\"has-text-align-center\" data-align=\"center\">19<\/td>\r\n<td class=\"has-text-align-center\" data-align=\"center\">1.650<\/td>\r\n<\/tr>\r\n<tr>\r\n<td>Weight (kg)<\/td>\r\n<td class=\"has-text-align-center\" data-align=\"center\">\u00a0<\/td>\r\n<td class=\"has-text-align-center\" data-align=\"center\">15.000<\/td>\r\n<\/tr>\r\n<\/tbody>\r\n<\/table>\r\n<\/figure>\r\n\r\n\r\n\r\n<p>&nbsp;<\/p>\r\n\r\n\r\n\r\n<figure class=\"wp-block-table\">\r\n<table class=\"has-fixed-layout\">\r\n<tbody>\r\n<tr>\r\n<td><strong>Cut to Length Input Coil Specifications<\/strong><\/td>\r\n<td class=\"has-text-align-center\" data-align=\"center\"><strong>min<\/strong><\/td>\r\n<td class=\"has-text-align-center\" data-align=\"center\"><strong>max<\/strong><\/td>\r\n<\/tr>\r\n<tr>\r\n<td>Thickness (mm)<\/td>\r\n<td class=\"has-text-align-center\" data-align=\"center\">0,25<\/td>\r\n<td class=\"has-text-align-center\" data-align=\"center\">3,0<\/td>\r\n<\/tr>\r\n<tr>\r\n<td>Inner Diameter (mm)<\/td>\r\n<td class=\"has-text-align-center\" data-align=\"center\">508<\/td>\r\n<td class=\"has-text-align-center\" data-align=\"center\">610<\/td>\r\n<\/tr>\r\n<tr>\r\n<td>Outer Diameter (mm)<\/td>\r\n<td class=\"has-text-align-center\" data-align=\"center\">\u00a0<\/td>\r\n<td class=\"has-text-align-center\" data-align=\"center\">2.000<\/td>\r\n<\/tr>\r\n<tr>\r\n<td>Width (mm)<\/td>\r\n<td class=\"has-text-align-center\" data-align=\"center\">250<\/td>\r\n<td class=\"has-text-align-center\" data-align=\"center\">1.650<\/td>\r\n<\/tr>\r\n<tr>\r\n<td>Weight (kg)<\/td>\r\n<td class=\"has-text-align-center\" data-align=\"center\">\u00a0<\/td>\r\n<td class=\"has-text-align-center\" data-align=\"center\">25.000<\/td>\r\n<\/tr>\r\n<\/tbody>\r\n<\/table>\r\n<\/figure>\r\n\r\n\r\n\r\n<p>&nbsp;<\/p>\r\n\r\n\r\n\r\n<figure class=\"wp-block-table\">\r\n<table class=\"has-fixed-layout\">\r\n<tbody>\r\n<tr>\r\n<td><strong>Cut to Length Sheet Specifications<\/strong><\/td>\r\n<td class=\"has-text-align-center\" data-align=\"center\"><strong>min<\/strong><\/td>\r\n<td class=\"has-text-align-center\" data-align=\"center\"><strong>max<\/strong><\/td>\r\n<\/tr>\r\n<tr>\r\n<td>Width (mm)<\/td>\r\n<td class=\"has-text-align-center\" data-align=\"center\">250<\/td>\r\n<td class=\"has-text-align-center\" data-align=\"center\">1.650<\/td>\r\n<\/tr>\r\n<tr>\r\n<td>Length (mm)<\/td>\r\n<td class=\"has-text-align-center\" data-align=\"center\">150<\/td>\r\n<td class=\"has-text-align-center\" data-align=\"center\">4.000<\/td>\r\n<\/tr>\r\n<\/tbody>\r\n<\/table>\r\n<\/figure>","protected":false},"excerpt":{"rendered":"<p>Ferineks Manisa tesisi \u015firketin ikinci servis lokasyonudur. Yap\u0131lan bu yat\u0131r\u0131m\u0131n temel amac\u0131, T\u00fcrkiye\u2019nin bat\u0131s\u0131ndaki potansiyel al\u0131c\u0131lara daha da yak\u0131nla\u015farak tedarik s\u00fcrelerini azaltmakt\u0131r. 2009 y\u0131l\u0131nda faaliyete ge\u00e7en Ferineks Manisa Tesisi, \u015firketin toplam i\u015fleme kapasitesini 400.000 ton\/y\u0131l&#8217;a \u00e7\u0131karm\u0131\u015ft\u0131r. Manisa Organize Sanayi B\u00f6lgesi&#8217;ne yak\u0131n bir noktada yer alan tesis; ayn\u0131 b\u00f6lgede faaliyet g\u00f6steren ve \u00e7elik sac t\u00fcketen b\u00fcy\u00fck [&hellip;]<\/p>","protected":false},"author":1,"featured_media":986,"parent":23,"menu_order":0,"comment_status":"closed","ping_status":"closed","template":"template-about-us.php","meta":{"_monsterinsights_skip_tracking":false,"_monsterinsights_sitenote_active":false,"_monsterinsights_sitenote_note":"","_monsterinsights_sitenote_category":0,"footnotes":""},"class_list":["post-16","page","type-page","status-publish","has-post-thumbnail","hentry"],"aioseo_notices":[],"_links":{"self":[{"href":"https:\/\/ferineks.com\/en\/wp-json\/wp\/v2\/pages\/16","targetHints":{"allow":["GET"]}}],"collection":[{"href":"https:\/\/ferineks.com\/en\/wp-json\/wp\/v2\/pages"}],"about":[{"href":"https:\/\/ferineks.com\/en\/wp-json\/wp\/v2\/types\/page"}],"author":[{"embeddable":true,"href":"https:\/\/ferineks.com\/en\/wp-json\/wp\/v2\/users\/1"}],"replies":[{"embeddable":true,"href":"https:\/\/ferineks.com\/en\/wp-json\/wp\/v2\/comments?post=16"}],"version-history":[{"count":13,"href":"https:\/\/ferineks.com\/en\/wp-json\/wp\/v2\/pages\/16\/revisions"}],"predecessor-version":[{"id":1307,"href":"https:\/\/ferineks.com\/en\/wp-json\/wp\/v2\/pages\/16\/revisions\/1307"}],"up":[{"embeddable":true,"href":"https:\/\/ferineks.com\/en\/wp-json\/wp\/v2\/pages\/23"}],"wp:featuredmedia":[{"embeddable":true,"href":"https:\/\/ferineks.com\/en\/wp-json\/wp\/v2\/media\/986"}],"wp:attachment":[{"href":"https:\/\/ferineks.com\/en\/wp-json\/wp\/v2\/media?parent=16"}],"curies":[{"name":"wp","href":"https:\/\/api.w.org\/{rel}","templated":true}]}}