{"id":3329,"date":"2025-08-14T09:20:08","date_gmt":"2025-08-14T09:20:08","guid":{"rendered":"https:\/\/ferineks.com\/?page_id=3329"},"modified":"2025-08-14T09:20:08","modified_gmt":"2025-08-14T09:20:08","slug":"etik-kurallar-politikamiz","status":"publish","type":"page","link":"https:\/\/ferineks.com\/en\/kurumsal\/etik-kurallar-politikamiz\/","title":{"rendered":"Etik Kurallar Politikam\u0131z"},"content":{"rendered":"<p>Y\u00f6neticiler ve \u00e7al\u0131\u015fanlar her t\u00fcrl\u00fc ili\u015fkilerinde ve i\u015flerinde bu temel de\u011ferleri g\u00f6zeterek, Ferineks \u00c7elik \u00dcr\u00fcnleri San. ve Tic. A.\u015e itibar\u0131n\u0131 en y\u00fcksek d\u00fczeyde tutmak i\u00e7in \u00fczerlerine d\u00fc\u015feni yapmal\u0131d\u0131r.<\/p>\n<p><strong>Faaliyetler<\/strong><\/p>\n<ul>\n<li>\u015eirket faaliyetleri y\u00fcr\u00fcrl\u00fckteki yasal mevzuat, ana s\u00f6zle\u015fme, i\u00e7 d\u00fczenlemeler ve olu\u015fturulan politikalar esas al\u0131narak y\u00fcr\u00fct\u00fcl\u00fcr.<\/li>\n<li>Kay\u0131t d\u0131\u015f\u0131 faaliyetler yasakt\u0131r; i\u015f kay\u0131tlar\u0131n\u0131n do\u011frulu\u011fu ve tutarl\u0131l\u0131\u011f\u0131 esast\u0131r.<\/li>\n<li>\u015eirketin faaliyetlerinin yasal mevzuat ve i\u00e7 d\u00fczenlemelere uygunlu\u011funun izlenmesi i\u00e7in yap\u0131lan i\u00e7 denetim \u00e7al\u0131\u015fmalar\u0131na, t\u00fcm \u00e7al\u0131\u015fanlar i\u015fbirli\u011fi yapmak suretiyle destek verir.<\/li>\n<\/ul>\n<p><strong>Menfaat Sahipleri<\/strong><\/p>\n<ul>\n<li>M\u00fc\u015fteriler, tedarik\u00e7iler ve \u015firketin i\u015f ili\u015fkisinde oldu\u011fu di\u011fer ki\u015fi ve kurumlarla ili\u015fkilerde, d\u00fcr\u00fcstl\u00fck, g\u00fcven, tutarl\u0131l\u0131k, profesyonellik, ba\u011f\u0131ms\u0131zl\u0131k, uzun s\u00fcreli ili\u015fki ve kar\u015f\u0131l\u0131kl\u0131 menfaatlere sayg\u0131 ilkeleri g\u00f6zetilir.<\/li>\n<li>Hizmet ve \u00fcr\u00fcnlerde, \u00fcst\u00fcn kalite, m\u00fc\u015fteri ihtiya\u00e7 ve beklentilerinin tam anlam\u0131yla kar\u015f\u0131lanmas\u0131 hedeflenir.<\/li>\n<li>Serbest rekabeti k\u0131s\u0131tlay\u0131c\u0131 davran\u0131\u015flardan ka\u00e7\u0131n\u0131l\u0131r, rakip \u00fcr\u00fcnler k\u00f6t\u00fclenmez ve yan\u0131lt\u0131c\u0131 reklam yap\u0131lmaz.<\/li>\n<li>\u015eirketin gizli ve ticari s\u0131r niteli\u011findeki bilgileri ile \u00e7al\u0131\u015fanlar\u0131n ki\u015fisel bilgileri ve m\u00fc\u015fterilere ait bilgiler gizli tutulur.<\/li>\n<\/ul>\n<p><strong>\u0130nsan Kaynaklar\u0131 Politikas\u0131<\/strong><\/p>\n<ul>\n<li>\u0130nsan kaynaklar\u0131nda, \u0131rk, etnik k\u00f6ken, milliyet, din ve cinsiyet ayr\u0131m\u0131 yap\u0131lmaz, e\u015fit ko\u015fullardaki ki\u015filere e\u015fit f\u0131rsat sa\u011flan\u0131r.<\/li>\n<li>Verilen g\u00f6revleri ifa edebilmeleri i\u00e7in gerekli profesyonel niteliklere haiz olanlar y\u00f6netici se\u00e7ilir.<\/li>\n<li>\u0130\u015f yerinde, \u00e7al\u0131\u015fanlara g\u00fcvenli ve sa\u011fl\u0131kl\u0131 bir \u00e7al\u0131\u015fma ortam\u0131 ve kariyerlerini geli\u015ftirme imk\u00e2n\u0131 sa\u011flan\u0131r.<\/li>\n<li>\u00c7al\u0131\u015fanlar\u0131n bireysel ve mesleki konularda e\u011fitilmesinin yan\u0131 s\u0131ra, ilk yard\u0131m, deprem, yang\u0131n ve di\u011fer tabi afetler konusunda e\u011fitilmesi de sa\u011flan\u0131r.<\/li>\n<li>18 ya\u015f alt\u0131 \u00e7ocuk i\u015f\u00e7i \u00e7al\u0131\u015ft\u0131rma Anayasan\u0131n Kanunun 50. maddesi ve 4857 say\u0131l\u0131 \u0130\u015f Kanunun 71. maddesine g\u00f6re istihdam edilir.<\/li>\n<li>Zorla \u00e7al\u0131\u015ft\u0131rma uygulanmaz. Bu konuda Anayasa Kanunun 18. maddesi h\u00fckm\u00fc uygulan\u0131r.<\/li>\n<\/ul>\n<p><strong>Sosyal Sorumluluk<\/strong><\/p>\n<ul>\n<li>\u00c7evrenin ve do\u011fal hayat\u0131n korunmas\u0131, t\u00fcketici haklar\u0131 ve kamu sa\u011fl\u0131\u011f\u0131 konular\u0131nda duyarl\u0131 olunur ve kurallara uyulur.<\/li>\n<li>\u015eirketin sosyal sorumluluklar\u0131n\u0131 yerine getirmesi amac\u0131yla projeler geli\u015ftirilir ve bu ama\u00e7la \u00e7al\u0131\u015fan kurulu\u015flarla i\u015f birli\u011fi yap\u0131l\u0131r.<\/li>\n<\/ul>\n<p><strong>\u015eirket \u00c7\u0131karlar\u0131<\/strong><\/p>\n<ul>\n<li>Hi\u00e7bir \u00e7al\u0131\u015fan, pay sahipleri aleyhine sonu\u00e7 do\u011furabilecek bask\u0131lara boyun e\u011fmez ve maddi menfaat kabul etmez.<\/li>\n<li>\u00c7al\u0131\u015fanlar, i\u015fle ilgili kararlarda sadece \u015firketin \u00e7\u0131karlar\u0131n\u0131 g\u00f6zetir, bireysel ve ailevi kayg\u0131lar ve menfaatler g\u00f6z \u00f6n\u00fcne al\u0131nmaz.<\/li>\n<li>\u00c7al\u0131\u015fanlar, \u015firket harcamalar\u0131na azami \u00f6zeni g\u00f6stererek, tasarruf ve maliyet bilinci i\u00e7inde hareket eder.<\/li>\n<\/ul>\n<p><strong>\u0130\u015f Ahlak\u0131 ve Davran\u0131\u015flar<\/strong><\/p>\n<ul>\n<li>T\u00fcm \u00e7al\u0131\u015fanlar g\u00f6revlerini e\u015fitlik\u00e7i, \u015feffaf, hesap verebilir ve sorumlu \u015fekilde y\u00fcr\u00fct\u00fcr.<\/li>\n<li>\u00c7al\u0131\u015fanlar aras\u0131ndaki ili\u015fkilerde, kar\u015f\u0131l\u0131kl\u0131 sayg\u0131, g\u00fcven ve i\u015f birli\u011fi anlay\u0131\u015f\u0131 esast\u0131r.<\/li>\n<li>\u015eirketin kaynaklar\u0131 ve olanaklar\u0131, siyasi faaliyetleri desteklemek amac\u0131yla kullan\u0131lamaz, \u015firket dahilinde siyasi faaliyet y\u00fcr\u00fct\u00fclemez, siyasi partilere ba\u011f\u0131\u015f yap\u0131lamaz ve siyasi kampanyalara destek verilemez.<\/li>\n<li>Siyasi, sosyal ve dini g\u00f6r\u00fc\u015fler \u00e7al\u0131\u015fma ortam\u0131nda ifade edilmez ve tart\u0131\u015f\u0131lmaz.<\/li>\n<li>\u015eirketin sayg\u0131n imaj\u0131n\u0131n korunmas\u0131 ve geli\u015ftirilmesi i\u00e7in t\u00fcm \u00e7al\u0131\u015fanlar \u00fczerlerine d\u00fc\u015fen sorumluluklar\u0131 yerine getirir. Bu \u00e7er\u00e7evede, t\u00fcm \u00e7al\u0131\u015fanlar ki\u015fisel hal ve davran\u0131\u015flar\u0131n\u0131n, kanunlar ve genel ahlak kurallar\u0131 \u00e7er\u00e7evesinde olmas\u0131na \u00f6zen g\u00f6sterir.<\/li>\n<li>\u00c7al\u0131\u015fanlar, \u015firket hakk\u0131ndaki gizli ve kamuya a\u00e7\u0131k olmayan bilgileri kendileri ve ba\u015fkalar\u0131 lehine kullanamaz.<\/li>\n<li>\u00c7al\u0131\u015fanlar, \u015firket i\u015fleri ile ilgili do\u011frudan veya dolayl\u0131, menfaat sa\u011flayamaz ve \u015firketin i\u015f ili\u015fkisinde oldu\u011fu \u015fah\u0131s veya firmalardan bor\u00e7 kabul edemez.<\/li>\n<li>Bas\u0131n ve yay\u0131n kurulu\u015flar\u0131na deme\u00e7 verilmesi, bas\u0131nda yaz\u0131 yay\u0131nlanmas\u0131 ve konferanslara konu\u015fmac\u0131 olarak kat\u0131lmak, \u015firketin i\u00e7 d\u00fczenlemelerinde belirlenen kurallar \u00e7er\u00e7evesinde Y\u00f6netim Kurulu Ba\u015fkan\u0131\u2019n\u0131n onay\u0131n\u0131n al\u0131nmas\u0131 suretiyle ger\u00e7ekle\u015ftirilebilir.<\/li>\n<\/ul>\n<p>&nbsp;<\/p>\n<p>&nbsp;<\/p>\n<p>Y\u00d6NET\u0130M KURULU BA\u015eKANI<\/p>\n<p>Serhat TANSU\u011e<\/p>\n<p>&nbsp;<\/p>","protected":false},"excerpt":{"rendered":"<p>Y\u00f6neticiler ve \u00e7al\u0131\u015fanlar her t\u00fcrl\u00fc ili\u015fkilerinde ve i\u015flerinde bu temel de\u011ferleri g\u00f6zeterek, Ferineks \u00c7elik \u00dcr\u00fcnleri San. ve Tic. A.\u015e itibar\u0131n\u0131 en y\u00fcksek d\u00fczeyde tutmak i\u00e7in \u00fczerlerine d\u00fc\u015feni yapmal\u0131d\u0131r. Faaliyetler \u015eirket faaliyetleri y\u00fcr\u00fcrl\u00fckteki yasal mevzuat, ana s\u00f6zle\u015fme, i\u00e7 d\u00fczenlemeler ve olu\u015fturulan politikalar esas al\u0131narak y\u00fcr\u00fct\u00fcl\u00fcr. Kay\u0131t d\u0131\u015f\u0131 faaliyetler yasakt\u0131r; i\u015f kay\u0131tlar\u0131n\u0131n do\u011frulu\u011fu ve tutarl\u0131l\u0131\u011f\u0131 esast\u0131r. \u015eirketin [&hellip;]<\/p>","protected":false},"author":1,"featured_media":987,"parent":23,"menu_order":0,"comment_status":"closed","ping_status":"closed","template":"template-about-us.php","meta":{"_monsterinsights_skip_tracking":false,"_monsterinsights_sitenote_active":false,"_monsterinsights_sitenote_note":"","_monsterinsights_sitenote_category":0,"footnotes":""},"class_list":["post-3329","page","type-page","status-publish","has-post-thumbnail","hentry"],"aioseo_notices":[],"_links":{"self":[{"href":"https:\/\/ferineks.com\/en\/wp-json\/wp\/v2\/pages\/3329","targetHints":{"allow":["GET"]}}],"collection":[{"href":"https:\/\/ferineks.com\/en\/wp-json\/wp\/v2\/pages"}],"about":[{"href":"https:\/\/ferineks.com\/en\/wp-json\/wp\/v2\/types\/page"}],"author":[{"embeddable":true,"href":"https:\/\/ferineks.com\/en\/wp-json\/wp\/v2\/users\/1"}],"replies":[{"embeddable":true,"href":"https:\/\/ferineks.com\/en\/wp-json\/wp\/v2\/comments?post=3329"}],"version-history":[{"count":1,"href":"https:\/\/ferineks.com\/en\/wp-json\/wp\/v2\/pages\/3329\/revisions"}],"predecessor-version":[{"id":3330,"href":"https:\/\/ferineks.com\/en\/wp-json\/wp\/v2\/pages\/3329\/revisions\/3330"}],"up":[{"embeddable":true,"href":"https:\/\/ferineks.com\/en\/wp-json\/wp\/v2\/pages\/23"}],"wp:featuredmedia":[{"embeddable":true,"href":"https:\/\/ferineks.com\/en\/wp-json\/wp\/v2\/media\/987"}],"wp:attachment":[{"href":"https:\/\/ferineks.com\/en\/wp-json\/wp\/v2\/media?parent=3329"}],"curies":[{"name":"wp","href":"https:\/\/api.w.org\/{rel}","templated":true}]}}