{"id":3332,"date":"2025-08-14T09:25:32","date_gmt":"2025-08-14T09:25:32","guid":{"rendered":"https:\/\/ferineks.com\/?page_id=3332"},"modified":"2025-08-14T09:25:32","modified_gmt":"2025-08-14T09:25:32","slug":"vizyonmisyon","status":"publish","type":"page","link":"https:\/\/ferineks.com\/en\/kurumsal\/vizyonmisyon\/","title":{"rendered":"Vizyon&#038;Misyon"},"content":{"rendered":"<p><strong>Vizyonumuz;<\/strong><\/p>\n<p>Ferineks \u00c7elik \u00dcr\u00fcnleri San. Ve Tic. A.\u015e. olarak; T\u00fcrkiye \u00e7ap\u0131nda hizmet veren \u00c7elik Servis Merkezleri aras\u0131nda miktar, entegre ve h\u0131z olarak \u00f6nc\u00fc yenilik\u00e7i marka bir \u015firket olmakt\u0131r.<br \/>\nVizyonumuz, \u00f6nc\u00fc ve teknoloji odakl\u0131 \u00e7\u00f6z\u00fcmleri m\u00fc\u015fterilerimize ula\u015ft\u0131rarak sekt\u00f6rdeki liderli\u011fimizi peki\u015ftirmektir. Amac\u0131m\u0131z; \u00e7evre ve insan sa\u011fl\u0131\u011f\u0131n\u0131 koruyan, ekonomik ve ayn\u0131 zamanda y\u00fcksek kaliteli hizmetler ile \u00fcr\u00fcnler sunarak m\u00fc\u015fterilerimizin de\u011fi\u015fen ihtiya\u00e7lar\u0131n\u0131 maksimum d\u00fczeyde kar\u015f\u0131lamak vizyonumuzun temelini olu\u015fturuyor.<br \/>\nBu hedefe ula\u015fmak i\u00e7in i\u015f d\u00fcnyas\u0131n\u0131n dinamiklerini ve k\u00fcresel standartlar\u0131 titizlikle takip ediyor, kurum k\u00fclt\u00fcr\u00fcm\u00fcz\u00fc bu de\u011ferlere uygun bir \u015fekilde \u015fekillendiriyoruz.<br \/>\nFerineks \u00c7elik \u00dcr\u00fcnleri San. Ve Tic. A.\u015e. ISO 9001:2015 &amp; ISO 14001:2015 &amp; ISO 45001:2018 standard\u0131 esas al\u0131narak Entegre olu\u015fturulmu\u015ftur.<\/p>\n<p><strong>Misyonumuz;<\/strong><\/p>\n<p>\u00dclkemizin de\u011fi\u015fen ve geli\u015fen sekt\u00f6r\u00fc olan Demir \u00c7elik alan\u0131nda m\u00fc\u015fteri taleplerine en h\u0131zl\u0131 \u015fekilde geri d\u00f6n\u00fc\u015f sa\u011flarken, kaynaklar\u0131m\u0131z\u0131 etkin kullanarak, entegreli, rekabet edebilen \u00fcr\u00fcnler ve \u00e7\u00f6z\u00fcmler \u00fcreterek m\u00fc\u015fteri memnuniyetini ve ba\u011fl\u0131l\u0131\u011f\u0131n\u0131 kazanmakt\u0131r.<br \/>\nM\u00fc\u015fterilerimizle yak\u0131n i\u015f birli\u011fi i\u00e7inde olacak ve sekt\u00f6rlerinde \u00f6nc\u00fc olmalar\u0131na katk\u0131 sa\u011flayacak \u00e7\u00f6z\u00fcmler sunarak ortak ba\u015far\u0131ya odaklan\u0131yoruz.<br \/>\nProseslerimizde yenilik\u00e7i ve \u00e7evreci \u00e7\u00f6z\u00fcmlerimizle m\u00fc\u015fterilerimizin operasyonel verimlili\u011fini art\u0131rmay\u0131 hedefliyoruz. Sadece \u00fcr\u00fcn ve hizmetlerimizin kalitesi ile de\u011fil, ayn\u0131 zamanda m\u00fc\u015fteri memnuniyetini merkeze alan g\u00fc\u00e7l\u00fc ili\u015fkiler kurarak sekt\u00f6rde uzun vadeli ve s\u00fcrd\u00fcr\u00fclebilir bir etki yaratmay\u0131 ama\u00e7l\u0131yoruz.<br \/>\nMisyonumuz, sekt\u00f6rde se\u00e7kin bir i\u015f orta\u011f\u0131 olmak ve geni\u015f \u00fcr\u00fcn yelpazemiz ile birlikte m\u00fc\u015fterilerimize en \u00fcst d\u00fczeyde de\u011fer katmakt\u0131r. Yenilik, kalite ve m\u00fc\u015fteri odakl\u0131l\u0131k ilkeleriyle, \u00e7evreye duyarl\u0131, i\u015f sa\u011fl\u0131\u011f\u0131 ve g\u00fcvenlik ilkelerimize tam uyumla birlikte s\u00fcrekli geli\u015fim ve b\u00fcy\u00fcme hedefimizi ger\u00e7ekle\u015ftirmek ad\u0131na kararl\u0131l\u0131kla ilerliyoruz.<\/p>\n<p>&nbsp;<\/p>\n<p>Y\u00d6NET\u0130M KURULU BA\u015eKANI<\/p>\n<p>Serhat TANSU\u011e<\/p>","protected":false},"excerpt":{"rendered":"<p>Vizyonumuz; Ferineks \u00c7elik \u00dcr\u00fcnleri San. Ve Tic. A.\u015e. olarak; T\u00fcrkiye \u00e7ap\u0131nda hizmet veren \u00c7elik Servis Merkezleri aras\u0131nda miktar, entegre ve h\u0131z olarak \u00f6nc\u00fc yenilik\u00e7i marka bir \u015firket olmakt\u0131r. Vizyonumuz, \u00f6nc\u00fc ve teknoloji odakl\u0131 \u00e7\u00f6z\u00fcmleri m\u00fc\u015fterilerimize ula\u015ft\u0131rarak sekt\u00f6rdeki liderli\u011fimizi peki\u015ftirmektir. Amac\u0131m\u0131z; \u00e7evre ve insan sa\u011fl\u0131\u011f\u0131n\u0131 koruyan, ekonomik ve ayn\u0131 zamanda y\u00fcksek kaliteli hizmetler ile \u00fcr\u00fcnler sunarak [&hellip;]<\/p>","protected":false},"author":1,"featured_media":976,"parent":23,"menu_order":0,"comment_status":"closed","ping_status":"closed","template":"template-about-us.php","meta":{"_monsterinsights_skip_tracking":false,"_monsterinsights_sitenote_active":false,"_monsterinsights_sitenote_note":"","_monsterinsights_sitenote_category":0,"footnotes":""},"class_list":["post-3332","page","type-page","status-publish","has-post-thumbnail","hentry"],"aioseo_notices":[],"_links":{"self":[{"href":"https:\/\/ferineks.com\/en\/wp-json\/wp\/v2\/pages\/3332","targetHints":{"allow":["GET"]}}],"collection":[{"href":"https:\/\/ferineks.com\/en\/wp-json\/wp\/v2\/pages"}],"about":[{"href":"https:\/\/ferineks.com\/en\/wp-json\/wp\/v2\/types\/page"}],"author":[{"embeddable":true,"href":"https:\/\/ferineks.com\/en\/wp-json\/wp\/v2\/users\/1"}],"replies":[{"embeddable":true,"href":"https:\/\/ferineks.com\/en\/wp-json\/wp\/v2\/comments?post=3332"}],"version-history":[{"count":2,"href":"https:\/\/ferineks.com\/en\/wp-json\/wp\/v2\/pages\/3332\/revisions"}],"predecessor-version":[{"id":3334,"href":"https:\/\/ferineks.com\/en\/wp-json\/wp\/v2\/pages\/3332\/revisions\/3334"}],"up":[{"embeddable":true,"href":"https:\/\/ferineks.com\/en\/wp-json\/wp\/v2\/pages\/23"}],"wp:featuredmedia":[{"embeddable":true,"href":"https:\/\/ferineks.com\/en\/wp-json\/wp\/v2\/media\/976"}],"wp:attachment":[{"href":"https:\/\/ferineks.com\/en\/wp-json\/wp\/v2\/media?parent=3332"}],"curies":[{"name":"wp","href":"https:\/\/api.w.org\/{rel}","templated":true}]}}