{"id":43,"date":"2023-08-06T21:34:55","date_gmt":"2023-08-06T21:34:55","guid":{"rendered":"https:\/\/ferineks.com\/?page_id=43"},"modified":"2024-01-26T19:24:52","modified_gmt":"2024-01-26T19:24:52","slug":"galvaniz-celik-manisa-izmir-z-celik-hizmeti","status":"publish","type":"page","link":"https:\/\/ferineks.com\/en\/urunler\/galvaniz-celik-manisa-izmir-z-celik-hizmeti\/","title":{"rendered":"Galvanized (+Z) Steel \u2013 Manisa, Izmir galvanized steel service."},"content":{"rendered":"<p>Hot dip galvanized steels are manufactured by the continuous zinc coating of cold rolled coils. Bare surface material passes through a bath of molten zinc and gets coated. At the exit point, air blades sweep excess zinc by the means of pressurized air flow leaving a thin layer of zinc on surface.<\/p>\r\n\r\n\r\n\r\n<p class=\" translation-block\">The main advantage of galvanized steels over cold rolled steels is their resistance to corrosion and longer life span. This feature makes them a good choice for automotive industry and for products that are subject to ambient conditions. such as cladding, roofs, doors, fences, and various profiles.<\/p>\r\n\r\n\r\n\r\n<p>Galvanized materials\u2019 surface qualities are produced in accordance with international standards in three different surface types A, B and C (best quality). In accordance with EN 10346 surface qualities are described as seen below.\u00a0<\/p>\r\n<h2>Galvanized Steels According to Surface Quality<\/h2>\r\n\r\n\r\n\r\n<h3><strong>Surface quality A Galvanized Steel:<\/strong><\/h3>\r\n\r\n\r\n\r\n<p>Imperfections such as dips, scratches, variations in surface appearance, dark spots, light passivation stains are permissible. Stretch levelling breaks or run-off marks may appear.<\/p>\r\n\r\n\r\n\r\n<h3><strong>Surface quality B Galvanized Steel:<\/strong><\/h3>\r\n\r\n\r\n\r\n<p>It is obtained by skin passing. Minor imperfections such as slight scratches, skin-pass marks, stretch levelling breaks, run-off marks, surface structure and light passivation stains are permissible.<\/p>\r\n\r\n\r\n\r\n<h3><strong>Surface quality C Galvanized Steel:<\/strong><\/h3>\r\n\r\n\r\n\r\n<p>It  is also obtained by skin passing. The surface shall be of homogenic property to enable high-class paint finishing. The reverse surface shall at least have the characteristics of surface quality B.<\/p>\r\n\r\n\r\n\r\n<p class=\" translation-block\">The hot dipped <span style=\"color: #3366ff\"><a style=\"color: #3366ff\" href=\"https:\/\/ferineks.com\/urunler\/galvaniz-celik-manisa-izmir-z-celik-hizmeti\/\" target=\"_self\">galvanized steel<\/a><\/span> grades we offer as Ferineks are as in the table.<\/p>\r\n\r\n\r\n\r\n<figure class=\"wp-block-table\">\r\n<table>\r\n<tbody>\r\n<tr>\r\n<td><strong>Application<\/strong><\/td>\r\n<td><strong>Standard<\/strong><\/td>\r\n<td><strong>Grade*<\/strong><\/td>\r\n<\/tr>\r\n<tr>\r\n<td>Zinc coated low carbon steels for cold forming<\/td>\r\n<td>EN 10346 <br \/>2015<\/td>\r\n<td>DX51D+Z<br \/>DX52D+Z<br \/>DX53D+Z<br \/>DX54D+Z<br \/>DX56D+Z<br \/>DX57D+Z<\/td>\r\n<\/tr>\r\n<tr>\r\n<td>So\u011fuk \u015fekillendirme i\u00e7in y\u00fcksek mukavemetli, d\u00fc\u015f\u00fck ala\u015f\u0131ml\u0131, \u00e7inko kapl\u0131 \u00e7elikler<\/td>\r\n<td>EN 10346<br \/>2015<\/td>\r\n<td>HX300LAD+Z<br \/>HX340LAD+Z<br \/>HX380LAD+Z<br \/>HX420LAD+Z<\/td>\r\n<\/tr>\r\n<tr>\r\n<td>Zinc coated, dual-phase steel with high yield strength for cold forming<\/td>\r\n<td>EN 10346<br \/>2015<\/td>\r\n<td>HCT490X+Z<br \/>HCT590X+Z<br \/>HCT600X+Z<br \/>HCT780X+Z<\/td>\r\n<\/tr>\r\n<tr>\r\n<td>Zinc coated bake-hardening steels<\/td>\r\n<td>EN 10346<br \/>2015<\/td>\r\n<td>HX220BD+Z<br \/>HX260BD+Z<br \/>HX300BD+Z<\/td>\r\n<\/tr>\r\n<tr>\r\n<td>Zinc coated IF steel<\/td>\r\n<td>EN 10346<br \/>2015<\/td>\r\n<td>HX180YD+Z<br \/>HX220YD+Z<\/td>\r\n<\/tr>\r\n<tr>\r\n<td>Zinc coated structural steels<\/td>\r\n<td>EN 10346<br \/>2015<\/td>\r\n<td>S220GD+Z<br \/>S250GD+Z<br \/>S280GD+Z<br \/>S320GD+Z<br \/>S350GD+Z<\/td>\r\n<\/tr>\r\n<\/tbody>\r\n<\/table>\r\n<\/figure>\r\n\r\n\r\n\r\n<p>Dimesional options are seen below.<\/p>\r\n\r\n\r\n\r\n<figure class=\"wp-block-table\">\r\n<table>\r\n<tbody>\r\n<tr>\r\n<td><strong>Thickness Range (mm)<\/strong><\/td>\r\n<td><strong>Width Range (mm)<\/strong><\/td>\r\n<td><strong>Length (mm)<\/strong><\/td>\r\n<td><strong>Weight (kg)<\/strong><\/td>\r\n<\/tr>\r\n<tr>\r\n<td>0,25 \u2013 3<\/td>\r\n<td>19 &#8211; 1.670<\/td>\r\n<td>Coil, band or cut to length<\/td>\r\n<td>Various<\/td>\r\n<\/tr>\r\n<\/tbody>\r\n<\/table>\r\n<\/figure>\r\n\r\n\r\n\r\n<p class=\" translation-block\"><span style=\"font-weight: 400\">Please <a href=\"https:\/\/ferineks.com\/iletisim\/\" target=\"_self\" style=\"color: #800000\">contact <\/a>  Ferineks sales team for other dimensions<\/span><\/p>\r\n<p>We pioneer Ferineks steel, Manisa galvanized steel and Izmir galvanized steel services.<\/p>","protected":false},"excerpt":{"rendered":"<p>Galvaniz \u00e7elik, s\u0131cak dald\u0131rma galvanizli \u00e7elikler (GZR, HDG), so\u011fuk haddelenmi\u015f rulolar\u0131n s\u00fcrekli \u00e7inko kaplama prosesinden ge\u00e7irilmeleri ile \u00fcretilirler. Bobinler erimi\u015f \u00e7inko banyosundan ge\u00e7er ve bu sayede kaplan\u0131r. \u00c7\u0131k\u0131\u015f noktas\u0131nda, hava b\u0131\u00e7aklar\u0131, y\u00fczeyde ince bir \u00e7inko tabakas\u0131 b\u0131rakarak bas\u0131n\u00e7l\u0131 hava ak\u0131m\u0131 vas\u0131tas\u0131yla fazla \u00e7inkoyu s\u00fcp\u00fcr\u00fcr. Galvanizli \u00e7eliklerin so\u011fuk haddelenmi\u015f \u00e7eliklere g\u00f6re ana avantaj\u0131, korozyona kar\u015f\u0131 diren\u00e7leri [&hellip;]<\/p>","protected":false},"author":1,"featured_media":1014,"parent":21,"menu_order":0,"comment_status":"closed","ping_status":"closed","template":"template-products.php","meta":{"_monsterinsights_skip_tracking":false,"_monsterinsights_sitenote_active":false,"_monsterinsights_sitenote_note":"","_monsterinsights_sitenote_category":0,"footnotes":""},"class_list":["post-43","page","type-page","status-publish","has-post-thumbnail","hentry"],"aioseo_notices":[],"_links":{"self":[{"href":"https:\/\/ferineks.com\/en\/wp-json\/wp\/v2\/pages\/43","targetHints":{"allow":["GET"]}}],"collection":[{"href":"https:\/\/ferineks.com\/en\/wp-json\/wp\/v2\/pages"}],"about":[{"href":"https:\/\/ferineks.com\/en\/wp-json\/wp\/v2\/types\/page"}],"author":[{"embeddable":true,"href":"https:\/\/ferineks.com\/en\/wp-json\/wp\/v2\/users\/1"}],"replies":[{"embeddable":true,"href":"https:\/\/ferineks.com\/en\/wp-json\/wp\/v2\/comments?post=43"}],"version-history":[{"count":21,"href":"https:\/\/ferineks.com\/en\/wp-json\/wp\/v2\/pages\/43\/revisions"}],"predecessor-version":[{"id":1364,"href":"https:\/\/ferineks.com\/en\/wp-json\/wp\/v2\/pages\/43\/revisions\/1364"}],"up":[{"embeddable":true,"href":"https:\/\/ferineks.com\/en\/wp-json\/wp\/v2\/pages\/21"}],"wp:featuredmedia":[{"embeddable":true,"href":"https:\/\/ferineks.com\/en\/wp-json\/wp\/v2\/media\/1014"}],"wp:attachment":[{"href":"https:\/\/ferineks.com\/en\/wp-json\/wp\/v2\/media?parent=43"}],"curies":[{"name":"wp","href":"https:\/\/api.w.org\/{rel}","templated":true}]}}