{"id":450,"date":"2023-08-09T23:09:14","date_gmt":"2023-08-09T23:09:14","guid":{"rendered":"https:\/\/ferineks.com\/?page_id=450"},"modified":"2023-11-15T18:15:49","modified_gmt":"2023-11-15T18:15:49","slug":"aydinlatma-metni","status":"publish","type":"page","link":"https:\/\/ferineks.com\/en\/aydinlatma-metni\/","title":{"rendered":"Clarification Text"},"content":{"rendered":"<p>\u00a0\u00a0\u00a0 As Ferineks \u00c7elik \u00dcr\u00fcnleri Sanayi ve Ticaret Anonim \u015eirketi, to collect, process and store the personal data of our customers and employees in accordance with the Personal Data Protection Law No. 6698; It is one of our basic principles to take all necessary measures to prevent any violation of rights.<\/p>\r\n\r\n\r\n\r\n<p>Your personal data is collected through various contracts concluded by our company, our website, our commercial activities, your visits to our company, and the fairs we attend to promote and develop our commercial activities. Your collected personal data is collected in accordance with the purposes specified in Articles 5 and 6 of the Law on the Protection of Personal Data No. 6698; They are processed so that we can fulfill our obligations as data controllers, develop our commercial activities and serve you better, and perform our human resources activities in a healthy way. We share your personal data we obtain for these purposes with our business partners, our legal department, our internal departments, and our shareholders within the framework of articles 8 and 9 of the relevant law.<\/p>\r\n\r\n\r\n\r\n<p>You, as the person concerned,<\/p>\r\n\r\n\r\n\r\n<ul class=\"wp-block-list\">\r\n<li>To learn whether your personal data is being processed,<\/li>\r\n\r\n\r\n\r\n<li>Request information if your personal data has been processed,<\/li>\r\n\r\n\r\n\r\n<li>To learn the purpose of processing your personal data and whether they are used in accordance with their purpose,<\/li>\r\n\r\n\r\n\r\n<li>To know the third parties to whom your personal data is transferred domestically or abroad,\u00a0<\/li>\r\n\r\n\r\n\r\n<li>To request correction of your personal data in case of incomplete or incorrect processing,<\/li>\r\n\r\n\r\n\r\n<li>To request the deletion or destruction of your personal data within the framework of the conditions stipulated in the law, To request that the correction, destruction, deletion of your data be notified to third parties to whom personal data is transferred,<\/li>\r\n\r\n\r\n\r\n<li>To object to the occurrence of a result to the detriment of the person himself\/herself by analysing your processed data exclusively through automated systems and<\/li>\r\n\r\n\r\n\r\n<li>In case your personal data is damaged due to unlawful processing of your personal data, you have the right to demand compensation for the damage.<\/li>\r\n<\/ul>\r\n\r\n\r\n\r\n<p>T\u00fcm bu say\u0131lanlar ilgili kanunun 11. maddesi gere\u011fince yasal haklar\u0131n\u0131z olup, bu konuya ili\u015fkin t\u00fcm talep ve sorular\u0131n\u0131z i\u00e7in bizimle\u00a0\u00a0 info@ferineks.com adresinden ileti\u015fime ge\u00e7menizden memnuniyet duyar\u0131z.<\/p>","protected":false},"excerpt":{"rendered":"<p>\u00a0\u00a0\u00a0 Ferineks \u00c7elik \u00dcr\u00fcnleri Sanayi ve Ticaret Anonim \u015eirketi olarak m\u00fc\u015fterilerimizin ve \u00e7al\u0131\u015fanlar\u0131m\u0131z\u0131n ki\u015fisel verilerini 6698 Say\u0131l\u0131 Ki\u015fisel Verilerin Korunmas\u0131 Kanunu\u2019na uygun bir bi\u00e7imde toplamak, i\u015flemek ve saklamak; herhangi bir hak ihlaline u\u011framamalar\u0131 i\u00e7in gerekli t\u00fcm \u00f6nlemleri almak temel prensiplerimizdendir. Ki\u015fisel verileriniz, \u015firketimiz taraf\u0131ndan akdedilen \u00e7e\u015fitli s\u00f6zle\u015fmeler, web sitemiz, ticari faaliyetlerimiz, \u015firketimize yapt\u0131\u011f\u0131n\u0131z ziyaretler, ticari [&hellip;]<\/p>","protected":false},"author":1,"featured_media":159,"parent":0,"menu_order":0,"comment_status":"closed","ping_status":"closed","template":"","meta":{"_monsterinsights_skip_tracking":false,"_monsterinsights_sitenote_active":false,"_monsterinsights_sitenote_note":"","_monsterinsights_sitenote_category":0,"footnotes":""},"class_list":["post-450","page","type-page","status-publish","has-post-thumbnail","hentry"],"aioseo_notices":[],"_links":{"self":[{"href":"https:\/\/ferineks.com\/en\/wp-json\/wp\/v2\/pages\/450","targetHints":{"allow":["GET"]}}],"collection":[{"href":"https:\/\/ferineks.com\/en\/wp-json\/wp\/v2\/pages"}],"about":[{"href":"https:\/\/ferineks.com\/en\/wp-json\/wp\/v2\/types\/page"}],"author":[{"embeddable":true,"href":"https:\/\/ferineks.com\/en\/wp-json\/wp\/v2\/users\/1"}],"replies":[{"embeddable":true,"href":"https:\/\/ferineks.com\/en\/wp-json\/wp\/v2\/comments?post=450"}],"version-history":[{"count":4,"href":"https:\/\/ferineks.com\/en\/wp-json\/wp\/v2\/pages\/450\/revisions"}],"predecessor-version":[{"id":1303,"href":"https:\/\/ferineks.com\/en\/wp-json\/wp\/v2\/pages\/450\/revisions\/1303"}],"wp:featuredmedia":[{"embeddable":true,"href":"https:\/\/ferineks.com\/en\/wp-json\/wp\/v2\/media\/159"}],"wp:attachment":[{"href":"https:\/\/ferineks.com\/en\/wp-json\/wp\/v2\/media?parent=450"}],"curies":[{"name":"wp","href":"https:\/\/api.w.org\/{rel}","templated":true}]}}