{"id":47,"date":"2023-08-06T21:35:54","date_gmt":"2023-08-06T21:35:54","guid":{"rendered":"https:\/\/ferineks.com\/?page_id=47"},"modified":"2024-01-26T19:25:44","modified_gmt":"2024-01-26T19:25:44","slug":"aluminyum-silikon-alasimli-as","status":"publish","type":"page","link":"https:\/\/ferineks.com\/en\/urunler\/aluminyum-silikon-alasimli-as\/","title":{"rendered":"Aluminium-silicon alloy (+AS)"},"content":{"rendered":"<p>Aluminum Silicon alloy coated steel (+AS)<\/p>\r\n\r\n\r\n\r\n<p>Today, there are various alternative coated product types developed for situations where conventional galvanized sheets are insufficient in terms of corrosion resistance. One of them is the steels whose surface is coated with aluminum silicon alloy and defined with +AS notation.<\/p>\r\n\r\n\r\n\r\n<p>This coated steel type is superior to standard galvanized steels in 3 respects. These are resistance to chemicals, resistance to heat and heat reflection ability. When weldability and paintability are added to these properties, steels coated with aluminum silicon alloy become a suitable raw material for sectors such as automotive, heating appliances, home appliances and HVAC.<\/p>\r\n\r\n\r\n\r\n<p>Heat shields and exhaust silencers used in vehicles, furnace components, heat exchangers, heating devices are some of the suitable areas of use.<\/p>\r\n\r\n\r\n\r\n<p>Aluminum silikon alloy coated steel grades offered by Ferineks are seen below<\/p>\r\n\r\n\r\n\r\n<figure class=\"wp-block-table\">\r\n<table>\r\n<tbody>\r\n<tr>\r\n<td><strong>Application<\/strong><\/td>\r\n<td><strong>Standard<\/strong><\/td>\r\n<td><strong>Grade*<\/strong><\/td>\r\n<\/tr>\r\n<tr>\r\n<td>Aluminium silicon alloy coated low carbon steels for cold forming<\/td>\r\n<td>EN 10346<\/td>\r\n<td>DX51D+AS<br \/>DX52D+AS<br \/>DX53D+AS<br \/>DX54D+AS<br \/>DX56D+AS<br \/>DX57D+AS<\/td>\r\n<\/tr>\r\n<\/tbody>\r\n<\/table>\r\n<\/figure>\r\n\r\n\r\n\r\n<p>Dimesional options are seen below.<\/p>\r\n\r\n\r\n\r\n<figure class=\"wp-block-table\">\r\n<table>\r\n<tbody>\r\n<tr>\r\n<td><strong>Thickness Range (mm)<\/strong><\/td>\r\n<td><strong>Width Range (mm)<\/strong><\/td>\r\n<td><strong>Length (mm)<\/strong><\/td>\r\n<td><strong>Weight (kg)<\/strong><\/td>\r\n<\/tr>\r\n<tr>\r\n<td>0,25 \u2013 3<\/td>\r\n<td>19 &#8211; 1.670<\/td>\r\n<td>Coil, band or cut to length<\/td>\r\n<td>Various<\/td>\r\n<\/tr>\r\n<\/tbody>\r\n<\/table>\r\n<\/figure>\r\n\r\n\r\n\r\n<p class=\" translation-block\"><span style=\"font-weight: 400\">Please <a href=\"https:\/\/ferineks.com\/iletisim\/\" target=\"_self\" style=\"color: #800000\">contact <\/a>  Ferineks sales team for other dimensions<\/span><\/p>","protected":false},"excerpt":{"rendered":"<p>Al\u00fcminyum Silikon Ala\u015f\u0131m\u0131 Kapl\u0131 Sac (+AS) G\u00fcn\u00fcm\u00fczde, konvansiyonel galvaniz kapl\u0131 saclar\u0131n korozyon direnci bak\u0131m\u0131ndan yetersiz kald\u0131\u011f\u0131 durumlar i\u00e7in geli\u015ftirilmi\u015f \u00e7e\u015fitli alternatif kaplamal\u0131 \u00fcr\u00fcn tipleri bulunmaktad\u0131r. Bunlardan bir tanesi de y\u00fczeyi al\u00fcminyum silikon ala\u015f\u0131m\u0131 ile kaplanm\u0131\u015f ve +AS notasyonu ile tan\u0131mlanan \u00e7eliklerdir. Bu kaplamal\u0131 \u00e7elik tipi 3 bak\u0131mdan standart galvanizli \u00e7eliklere nazaran \u00fcst\u00fcnl\u00fck g\u00f6stermektedir. Bunlar kimyasal [&hellip;]<\/p>","protected":false},"author":1,"featured_media":352,"parent":21,"menu_order":0,"comment_status":"closed","ping_status":"closed","template":"template-products.php","meta":{"_monsterinsights_skip_tracking":false,"_monsterinsights_sitenote_active":false,"_monsterinsights_sitenote_note":"","_monsterinsights_sitenote_category":0,"footnotes":""},"class_list":["post-47","page","type-page","status-publish","has-post-thumbnail","hentry"],"aioseo_notices":[],"_links":{"self":[{"href":"https:\/\/ferineks.com\/en\/wp-json\/wp\/v2\/pages\/47","targetHints":{"allow":["GET"]}}],"collection":[{"href":"https:\/\/ferineks.com\/en\/wp-json\/wp\/v2\/pages"}],"about":[{"href":"https:\/\/ferineks.com\/en\/wp-json\/wp\/v2\/types\/page"}],"author":[{"embeddable":true,"href":"https:\/\/ferineks.com\/en\/wp-json\/wp\/v2\/users\/1"}],"replies":[{"embeddable":true,"href":"https:\/\/ferineks.com\/en\/wp-json\/wp\/v2\/comments?post=47"}],"version-history":[{"count":8,"href":"https:\/\/ferineks.com\/en\/wp-json\/wp\/v2\/pages\/47\/revisions"}],"predecessor-version":[{"id":1366,"href":"https:\/\/ferineks.com\/en\/wp-json\/wp\/v2\/pages\/47\/revisions\/1366"}],"up":[{"embeddable":true,"href":"https:\/\/ferineks.com\/en\/wp-json\/wp\/v2\/pages\/21"}],"wp:featuredmedia":[{"embeddable":true,"href":"https:\/\/ferineks.com\/en\/wp-json\/wp\/v2\/media\/352"}],"wp:attachment":[{"href":"https:\/\/ferineks.com\/en\/wp-json\/wp\/v2\/media?parent=47"}],"curies":[{"name":"wp","href":"https:\/\/api.w.org\/{rel}","templated":true}]}}