{"id":53,"date":"2023-08-06T21:37:16","date_gmt":"2023-08-06T21:37:16","guid":{"rendered":"https:\/\/ferineks.com\/?page_id=53"},"modified":"2024-01-26T19:27:00","modified_gmt":"2024-01-26T19:27:00","slug":"silisli-sac-elektrik-celigi","status":"publish","type":"page","link":"https:\/\/ferineks.com\/en\/urunler\/silisli-sac-elektrik-celigi\/","title":{"rendered":"Electrical Steel (NGO &amp; GO)"},"content":{"rendered":"<p>Electrical steel (NGO, E-steel, lamination steel, silicon electrical steel, silicon steel) is a type of steel specially produced to show certain magnetic properties. It is expected to provide low power loss and high transmittance. Silicon steel is used to manufacture the stator and rotor laminated cores of electric motors. The parts cut from electrical steel sheets or narrow bands are laminated, then the copper wire winding stage starts. Stamping, laser cutting and wire erosion are some of the production methods used to process this type of steel. During the production of electrical steel, an insulating varnish is applied to the surface. This varnish blocks the passage of electric current between the laminated plates. With the increasing demand for electric motor vehicles, the demand for this product group as a raw material is constantly increasing.<\/p>\r\n\r\n\r\n\r\n<p>Electrical steel grades offered by Ferineks are seen below.<\/p>\r\n\r\n\r\n\r\n<figure class=\"wp-block-table\">\r\n<table>\r\n<tbody>\r\n<tr>\r\n<td><strong>Application<\/strong><\/td>\r\n<td><strong>Standard<\/strong><\/td>\r\n<td><strong>Grade*<\/strong><\/td>\r\n<\/tr>\r\n<tr>\r\n<td>Cold Rolled Non Grain  Oriented Electrical Steel for\nRotor and Stator Manufacturing<\/td>\r\n<td>EN 10106<\/td>\r\n<td>M270-50A<br \/>M290-50A<br \/>M310-50A<br \/>M350-50A<br \/>M400-50A<br \/>M470-50A<br \/>M530-50A<br \/>M600-50A<br \/>M700-50A<br \/>M800-50A<\/td>\r\n<\/tr>\r\n<\/tbody>\r\n<\/table>\r\n<\/figure>\r\n\r\n\r\n\r\n<p>Dimensional options are seen below<\/p>\r\n\r\n\r\n\r\n<figure class=\"wp-block-table\">\r\n<table>\r\n<tbody>\r\n<tr>\r\n<td><strong>Thickness Range (mm)<\/strong><\/td>\r\n<td><strong>Width Range (mm)<\/strong><\/td>\r\n<td><strong>Length (mm)<\/strong><\/td>\r\n<td><strong>Weight (kg)<\/strong><\/td>\r\n<\/tr>\r\n<tr>\r\n<td>0,3 &#8211; 2<\/td>\r\n<td>19 &#8211; 1.250<\/td>\r\n<td>Coil, band or Cut to Length<\/td>\r\n<td>Various<\/td>\r\n<\/tr>\r\n<\/tbody>\r\n<\/table>\r\n<\/figure>\r\n\r\n\r\n\r\n<p class=\" translation-block\"><span style=\"font-weight: 400\">Please <a href=\"https:\/\/ferineks.com\/iletisim\/\" target=\"_self\" style=\"color: #800000\">contact <\/a>  Ferineks sales team for other dimensions<\/span><\/p>","protected":false},"excerpt":{"rendered":"<p>Silisli sac, elektrik \u00e7eli\u011fi (NGO, E-\u00e7elik, laminasyon \u00e7eli\u011fi, silikon elektrik \u00e7eli\u011fi, silikon \u00e7eli\u011fi), belirli manyetik \u00f6zellikler g\u00f6sterebilmesi i\u00e7in \u00f6zel olarak \u00fcretilmi\u015f bir \u00e7eliktir \u00e7e\u015fididir. D\u00fc\u015f\u00fck g\u00fc\u00e7 kayb\u0131 ve y\u00fcksek ge\u00e7irgenlik sa\u011flamas\u0131 beklenir.\u00a0 Silisli sac, elektrik motorlar\u0131n\u0131n stator ve rotor lamine \u00e7ekirdeklerini \u00fcretmek i\u00e7in kullan\u0131l\u0131r. Silisli sac levhalardan veya dilimlerden kesilmi\u015f par\u00e7alar lamine edilir, akabinde bak\u0131r [&hellip;]<\/p>","protected":false},"author":1,"featured_media":1017,"parent":21,"menu_order":0,"comment_status":"closed","ping_status":"closed","template":"template-products.php","meta":{"_monsterinsights_skip_tracking":false,"_monsterinsights_sitenote_active":false,"_monsterinsights_sitenote_note":"","_monsterinsights_sitenote_category":0,"footnotes":""},"class_list":["post-53","page","type-page","status-publish","has-post-thumbnail","hentry"],"aioseo_notices":[],"_links":{"self":[{"href":"https:\/\/ferineks.com\/en\/wp-json\/wp\/v2\/pages\/53","targetHints":{"allow":["GET"]}}],"collection":[{"href":"https:\/\/ferineks.com\/en\/wp-json\/wp\/v2\/pages"}],"about":[{"href":"https:\/\/ferineks.com\/en\/wp-json\/wp\/v2\/types\/page"}],"author":[{"embeddable":true,"href":"https:\/\/ferineks.com\/en\/wp-json\/wp\/v2\/users\/1"}],"replies":[{"embeddable":true,"href":"https:\/\/ferineks.com\/en\/wp-json\/wp\/v2\/comments?post=53"}],"version-history":[{"count":12,"href":"https:\/\/ferineks.com\/en\/wp-json\/wp\/v2\/pages\/53\/revisions"}],"predecessor-version":[{"id":1369,"href":"https:\/\/ferineks.com\/en\/wp-json\/wp\/v2\/pages\/53\/revisions\/1369"}],"up":[{"embeddable":true,"href":"https:\/\/ferineks.com\/en\/wp-json\/wp\/v2\/pages\/21"}],"wp:featuredmedia":[{"embeddable":true,"href":"https:\/\/ferineks.com\/en\/wp-json\/wp\/v2\/media\/1017"}],"wp:attachment":[{"href":"https:\/\/ferineks.com\/en\/wp-json\/wp\/v2\/media?parent=53"}],"curies":[{"name":"wp","href":"https:\/\/api.w.org\/{rel}","templated":true}]}}