{"id":55,"date":"2023-08-06T21:37:38","date_gmt":"2023-08-06T21:37:38","guid":{"rendered":"https:\/\/ferineks.com\/?page_id=55"},"modified":"2024-01-26T19:27:08","modified_gmt":"2024-01-26T19:27:08","slug":"hrpo","status":"publish","type":"page","link":"https:\/\/ferineks.com\/en\/urunler\/hrpo\/","title":{"rendered":"Hot Rolled Pickled &amp; Oiled"},"content":{"rendered":"<p>Hot Rolled Pickled and Oiled Steel (HRPO)<\/p>\r\n\r\n\r\n\r\n<p>Hot rolled, pickled &amp; oiled steels are treated hot rolled steels for surface cleaning purposes. This treatment is done by passing the material through an acid bath and it is followed by an application of protective oil that works as a lubricant and rust preventive measure. This process is a good alternative to sand blasting as it is relatively cost effective and let the end user directly use the material without the hassle of inhouse surface cleaning and\/or oiling operations. Hot rolled, pickled &amp; oiled steels might be coils, cut to length sheets or slitted according to customer request.<\/p>\r\n\r\n\r\n\r\n<p>These steels are mostly used for bending, drawing and deep drawing operations. Although this type of steel does not offer high precision surface quality, it is widely used for applications that require strength, rigidity and formability including but not limited to machinery industry and automotive industry.<\/p>\r\n\r\n\r\n\r\n<p>Some of the end products that are manufactured using hot rolled, pickled &amp; oiled steels are cold drawn containers, heavy vehicles suspension parts, hollow sections, welded gas cylinders, rack systems, tubes and various roll forming products. Ready to use nature of this type of steel make it a good choice for continuous processes.<\/p>\r\n\r\n\r\n\r\n<p>Even though protective oil level on steel surface can be chosen by the buyer, it is recommended to not go below medium level as it might lead to premature corrosion due to atmospheric and\/or environmental effects.<\/p>\r\n\r\n\r\n\r\n<p>Hot Rolled Pickled and Oiled steel grades offered by Ferineks are seen below<\/p>\r\n\r\n\r\n\r\n<figure class=\"wp-block-table\">\r\n<table>\r\n<tbody>\r\n<tr>\r\n<td><strong>Application<\/strong><\/td>\r\n<td><strong>Standard<\/strong><\/td>\r\n<td><strong>Grade*<\/strong><\/td>\r\n<\/tr>\r\n<tr>\r\n<td>Hot rolled steels for cold forming and deep drawing<\/td>\r\n<td>EN 10111<\/td>\r\n<td>DD11<br \/>DD12<br \/>DD13<br \/>DD14<\/td>\r\n<\/tr>\r\n<tr>\r\n<td>Medium and high strength low alloyed steels suitable for cold forming for chassis, crane, trailer\nand railings manufacturing<\/td>\r\n<td>EN 10149-2<\/td>\r\n<td>S315MC<br \/>S355MC<br \/>S420MC<br \/>S460MC<br \/>S500MC<br \/>S550MC<br \/>S600MC<\/td>\r\n<\/tr>\r\n<\/tbody>\r\n<\/table>\r\n<\/figure>\r\n\r\n\r\n\r\n<p>Dimensional options are seen below<\/p>\r\n\r\n\r\n\r\n<figure class=\"wp-block-table\">\r\n<table>\r\n<tbody>\r\n<tr>\r\n<td><strong>Thickness Range (mm)<\/strong><\/td>\r\n<td><strong>Width Range (mm)<\/strong><\/td>\r\n<td><strong>Length (mm)<\/strong><\/td>\r\n<td><strong>Weight (kg)<\/strong><\/td>\r\n<\/tr>\r\n<tr>\r\n<td>1,5 \u2013 15<\/td>\r\n<td>1.000 \u2013 1.200 \u2013 1.250<br \/>1.500<\/td>\r\n<td>Coil or Cut to Length<\/td>\r\n<td>28.000 max<\/td>\r\n<\/tr>\r\n<\/tbody>\r\n<\/table>\r\n<\/figure>\r\n\r\n\r\n\r\n<p class=\" translation-block\"><span style=\"font-weight: 400\">Please <a href=\"https:\/\/ferineks.com\/iletisim\/\" target=\"_self\" style=\"color: #800000\">contact <\/a>  Ferineks sales team for other dimensions<\/span><\/p>","protected":false},"excerpt":{"rendered":"<p>S\u0131cak Haddelenmi\u015f Asit ile y\u00fczeyi temizlenmi\u015f, ya\u011flanm\u0131\u015f sac (HRPO) S\u0131cak haddelenmi\u015f, asitlenmi\u015f ve ya\u011flanm\u0131\u015f \u00e7elikler, y\u00fczey temizleme amac\u0131yla i\u015flem g\u00f6rm\u00fc\u015f s\u0131cak haddelenmi\u015f \u00e7eliklerdir. Proses, rulonun a\u00e7\u0131larak bir asit banyosundan ge\u00e7irilmesi ile yap\u0131l\u0131r ve ard\u0131ndan ya\u011flay\u0131c\u0131 ve pas \u00f6nleyici tedbir olarak koruyucu ya\u011f uygulan\u0131r. Nispeten uygun maliyetli olan bu i\u015flemler sonucunda tufalden ar\u0131nm\u0131\u015f ve ya\u011flanm\u0131\u015f y\u00fczey [&hellip;]<\/p>","protected":false},"author":1,"featured_media":1015,"parent":21,"menu_order":0,"comment_status":"closed","ping_status":"closed","template":"template-products.php","meta":{"_monsterinsights_skip_tracking":false,"_monsterinsights_sitenote_active":false,"_monsterinsights_sitenote_note":"","_monsterinsights_sitenote_category":0,"footnotes":""},"class_list":["post-55","page","type-page","status-publish","has-post-thumbnail","hentry"],"aioseo_notices":[],"_links":{"self":[{"href":"https:\/\/ferineks.com\/en\/wp-json\/wp\/v2\/pages\/55","targetHints":{"allow":["GET"]}}],"collection":[{"href":"https:\/\/ferineks.com\/en\/wp-json\/wp\/v2\/pages"}],"about":[{"href":"https:\/\/ferineks.com\/en\/wp-json\/wp\/v2\/types\/page"}],"author":[{"embeddable":true,"href":"https:\/\/ferineks.com\/en\/wp-json\/wp\/v2\/users\/1"}],"replies":[{"embeddable":true,"href":"https:\/\/ferineks.com\/en\/wp-json\/wp\/v2\/comments?post=55"}],"version-history":[{"count":6,"href":"https:\/\/ferineks.com\/en\/wp-json\/wp\/v2\/pages\/55\/revisions"}],"predecessor-version":[{"id":1370,"href":"https:\/\/ferineks.com\/en\/wp-json\/wp\/v2\/pages\/55\/revisions\/1370"}],"up":[{"embeddable":true,"href":"https:\/\/ferineks.com\/en\/wp-json\/wp\/v2\/pages\/21"}],"wp:featuredmedia":[{"embeddable":true,"href":"https:\/\/ferineks.com\/en\/wp-json\/wp\/v2\/media\/1015"}],"wp:attachment":[{"href":"https:\/\/ferineks.com\/en\/wp-json\/wp\/v2\/media?parent=55"}],"curies":[{"name":"wp","href":"https:\/\/api.w.org\/{rel}","templated":true}]}}