{"id":699,"date":"2023-09-05T10:52:30","date_gmt":"2023-09-05T10:52:30","guid":{"rendered":"https:\/\/ferineks.com\/?page_id=699"},"modified":"2023-11-15T18:40:19","modified_gmt":"2023-11-15T18:40:19","slug":"musteri-teknik-hizmetler","status":"publish","type":"page","link":"https:\/\/ferineks.com\/en\/hizmetler\/musteri-teknik-hizmetler\/","title":{"rendered":"After Sales Technical Services"},"content":{"rendered":"<p>Customer feedback is a very valuable input to achieve higher service levels according to Ferineks quality perspective. Cases are evaluated by our expert staff and triggers corrective and preventive actions in our quality management systems. Necessary actions are taken to prevent the recurrence of the nonconformity.<\/p>\r\n\r\n\r\n\r\n<p>Ferineks aims to resolve claims of unseen defects that may occur in the materials within 10 days.This process is initiated and followed by our quality personnel. The results obtained are evaluated taking into account the international standard of the relevant material and\/or the mutually agreed material properties. In cases where the material is found to be defective as a result of the evaluation, our first priority is resupplying necessary raw materials to our customer\u2019s production line. For this purpose, a new batch is prepared and shipped to replace the defective material as soon as possible.<\/p>\r\n\r\n\r\n\r\n<p>In order to initiate the claim process and to ensure traceability of the products subject to the claim, the original Ferineks label must be reported to us. In cases where the label does not exist, the traceability chain is broken and accurate production records become difficult to access. For a customer claim to be accepted, the materials subject to the complaint must be in the format (sheet, coil or slice) in which they were shipped by Ferineks. Claim process cannot be continued and thus terminated for raw materials that have been converted into final products.\u00a0\u00a0<\/p>","protected":false},"excerpt":{"rendered":"<p>Ferineks kalite anlay\u0131\u015f\u0131na g\u00f6re m\u00fc\u015fteri geri bildirimleri hizmet seviyemizi y\u00fcksek tutabilmemiz i\u00e7in \u00e7ok de\u011ferlidir. Al\u0131nan geri bildirimler, uzman kadromuz taraf\u0131ndan de\u011ferlendirilerek d\u00fczeltici \u00f6nleyici faaliyet s\u00fcre\u00e7lerini tetikler. Kar\u015f\u0131la\u015f\u0131lan uygunsuzlu\u011fun tekrar ya\u015fanmamas\u0131 i\u00e7in gerekli aksiyonlar hayata ge\u00e7irilir. Ferineks sundu\u011fu malzemelerde ortaya \u00e7\u0131kabilecek g\u00f6r\u00fcnmeyen kusurlar ile ilgili olarak ald\u0131\u011f\u0131 geri bildirimleri 10 g\u00fcn i\u00e7inde incelemeyi hedeflemektedir. Bu inceleme, [&hellip;]<\/p>","protected":false},"author":1,"featured_media":831,"parent":71,"menu_order":0,"comment_status":"closed","ping_status":"closed","template":"template-services.php","meta":{"_monsterinsights_skip_tracking":false,"_monsterinsights_sitenote_active":false,"_monsterinsights_sitenote_note":"","_monsterinsights_sitenote_category":0,"footnotes":""},"class_list":["post-699","page","type-page","status-publish","has-post-thumbnail","hentry"],"aioseo_notices":[],"_links":{"self":[{"href":"https:\/\/ferineks.com\/en\/wp-json\/wp\/v2\/pages\/699","targetHints":{"allow":["GET"]}}],"collection":[{"href":"https:\/\/ferineks.com\/en\/wp-json\/wp\/v2\/pages"}],"about":[{"href":"https:\/\/ferineks.com\/en\/wp-json\/wp\/v2\/types\/page"}],"author":[{"embeddable":true,"href":"https:\/\/ferineks.com\/en\/wp-json\/wp\/v2\/users\/1"}],"replies":[{"embeddable":true,"href":"https:\/\/ferineks.com\/en\/wp-json\/wp\/v2\/comments?post=699"}],"version-history":[{"count":5,"href":"https:\/\/ferineks.com\/en\/wp-json\/wp\/v2\/pages\/699\/revisions"}],"predecessor-version":[{"id":955,"href":"https:\/\/ferineks.com\/en\/wp-json\/wp\/v2\/pages\/699\/revisions\/955"}],"up":[{"embeddable":true,"href":"https:\/\/ferineks.com\/en\/wp-json\/wp\/v2\/pages\/71"}],"wp:featuredmedia":[{"embeddable":true,"href":"https:\/\/ferineks.com\/en\/wp-json\/wp\/v2\/media\/831"}],"wp:attachment":[{"href":"https:\/\/ferineks.com\/en\/wp-json\/wp\/v2\/media?parent=699"}],"curies":[{"name":"wp","href":"https:\/\/api.w.org\/{rel}","templated":true}]}}