{"id":75,"date":"2023-08-06T21:45:37","date_gmt":"2023-08-06T21:45:37","guid":{"rendered":"https:\/\/ferineks.com\/?page_id=75"},"modified":"2023-11-15T18:36:01","modified_gmt":"2023-11-15T18:36:01","slug":"dilme","status":"publish","type":"page","link":"https:\/\/ferineks.com\/en\/hizmetler\/dilme\/","title":{"rendered":"Slitting"},"content":{"rendered":"<p>The process of making narrow strips out of an input coil in line with the customer's requirements is called steel slitting operation.<\/p>\r\n\r\n\r\n\r\n<p>The width and curvature tolerances of the slices obtained are as tight as possible, depending on the quality of the slitting line used and the experience of the machine operator.<\/p>\r\n\r\n\r\n\r\n<p>Components of such cutting lines, consists of an decoiler, straightener, slitting shears and finally a recoiler mechanism. The quality of each component of the line and their compatibility with each other affects the quality of the obtained bands.<\/p>\r\n\r\n\r\n\r\n<p>EN 10131 standard for cold rolled products and EN 10143 standard for coated products determine the technical and dimension tolerances such as width, edge wave, edge camber of the bands. Due to the fact that our customer portfolio consists of companies sensitive to these tolerances, we meet and exceed tolerance limits set by these standards. Usage of appropriate equipment and workforce is the key element for Ferineks\u2019s success on customer satisfaction.<\/p>\r\n\r\n\r\n\r\n<p>Using the produced slices, the final product is produced through press or roll-form processes. Dimensional tolerances are very important for the steel raw material to proceed smoothly in the production line. For example, an excessively wide slice may cause jamming in the production line. Since our customer portfolio consists of companies that are sensitive about tolerances, we provide slitting services below the tolerances specified by the standards in question, with our appropriate equipment, operators and quality units.<\/p>\r\n\r\n\r\n\r\n<p>The input coil and output narrow band specifications that we can process within our slitting service capabilities are shown on the table below.<\/p>\r\n\r\n\r\n\r\n<p>&nbsp;<\/p>\r\n\r\n\r\n\r\n<figure class=\"wp-block-table\">\r\n<table class=\"has-fixed-layout\">\r\n<tbody>\r\n<tr>\r\n<td><strong>Slitting Input Mother Coil Specifications<\/strong><\/td>\r\n<td class=\"has-text-align-center\" data-align=\"center\"><strong>Min<\/strong><\/td>\r\n<td class=\"has-text-align-center\" data-align=\"center\"><strong>Max<\/strong><\/td>\r\n<\/tr>\r\n<tr>\r\n<td>Thickness (mm)<\/td>\r\n<td class=\"has-text-align-center\" data-align=\"center\">0,25<\/td>\r\n<td class=\"has-text-align-center\" data-align=\"center\">3,0<\/td>\r\n<\/tr>\r\n<tr>\r\n<td>Inner Diameter (mm)<\/td>\r\n<td class=\"has-text-align-center\" data-align=\"center\">508<\/td>\r\n<td class=\"has-text-align-center\" data-align=\"center\">610<\/td>\r\n<\/tr>\r\n<tr>\r\n<td>Outer Diameter (mm)<\/td>\r\n<td class=\"has-text-align-center\" data-align=\"center\">\u00a0<\/td>\r\n<td class=\"has-text-align-center\" data-align=\"center\">2.000<\/td>\r\n<\/tr>\r\n<tr>\r\n<td>Width (mm)<\/td>\r\n<td class=\"has-text-align-center\" data-align=\"center\">\u00a0<\/td>\r\n<td class=\"has-text-align-center\" data-align=\"center\">1.670<\/td>\r\n<\/tr>\r\n<tr>\r\n<td>Weight (kg)<\/td>\r\n<td class=\"has-text-align-center\" data-align=\"center\">\u00a0<\/td>\r\n<td class=\"has-text-align-center\" data-align=\"center\">25.000<\/td>\r\n<\/tr>\r\n<\/tbody>\r\n<\/table>\r\n<\/figure>\r\n\r\n\r\n\r\n<p>&nbsp;<\/p>\r\n\r\n\r\n\r\n<figure class=\"wp-block-table\">\r\n<table class=\"has-fixed-layout\">\r\n<tbody>\r\n<tr>\r\n<td><strong>Slitted Output Coil Specifications<\/strong><\/td>\r\n<td class=\"has-text-align-center\" data-align=\"center\"><strong>Min<\/strong><\/td>\r\n<td class=\"has-text-align-center\" data-align=\"center\"><strong>Max<\/strong><\/td>\r\n<\/tr>\r\n<tr>\r\n<td>Inner Diameter (mm)<\/td>\r\n<td class=\"has-text-align-center\" data-align=\"center\">508<\/td>\r\n<td class=\"has-text-align-center\" data-align=\"center\">508<\/td>\r\n<\/tr>\r\n<tr>\r\n<td>Outer Diameter (mm)<\/td>\r\n<td class=\"has-text-align-center\" data-align=\"center\">500<\/td>\r\n<td class=\"has-text-align-center\" data-align=\"center\">2.000<\/td>\r\n<\/tr>\r\n<tr>\r\n<td>Width (mm)<\/td>\r\n<td class=\"has-text-align-center\" data-align=\"center\">19<\/td>\r\n<td class=\"has-text-align-center\" data-align=\"center\">1.650<\/td>\r\n<\/tr>\r\n<tr>\r\n<td>Weight (kg)<\/td>\r\n<td class=\"has-text-align-center\" data-align=\"center\">\u00a0<\/td>\r\n<td class=\"has-text-align-center\" data-align=\"center\">15.000<\/td>\r\n<\/tr>\r\n<\/tbody>\r\n<\/table>\r\n<\/figure>","protected":false},"excerpt":{"rendered":"<p>\u00c7elik bobinlerin m\u00fc\u015fteri iste\u011fi do\u011frultusunda dilimlenerek dar bantlara d\u00f6n\u00fc\u015ft\u00fcr\u00fclmesi i\u015flemi dilme olarak adland\u0131r\u0131l\u0131r. Elde edilen dilimlerin\u00a0 geni\u015flik ve e\u011frilik toleranslar\u0131n\u0131n olabildi\u011fince dar olmas\u0131, kullan\u0131lan dilme hatt\u0131n\u0131n kalitesi ve makine operat\u00f6r\u00fcn\u00fcn tecr\u00fcbesi ile ba\u011flant\u0131l\u0131d\u0131r. Bu hatlar s\u0131ras\u0131 ile bobin a\u00e7\u0131c\u0131, do\u011frultucu, dilme makas\u0131 makas ve son olarak bir sar\u0131c\u0131 d\u00fczene\u011finden olu\u015fur. Hatt\u0131n her bir bile\u015feninin kalitesi [&hellip;]<\/p>","protected":false},"author":1,"featured_media":982,"parent":71,"menu_order":0,"comment_status":"closed","ping_status":"closed","template":"template-services.php","meta":{"_monsterinsights_skip_tracking":false,"_monsterinsights_sitenote_active":false,"_monsterinsights_sitenote_note":"","_monsterinsights_sitenote_category":0,"footnotes":""},"class_list":["post-75","page","type-page","status-publish","has-post-thumbnail","hentry"],"aioseo_notices":[],"_links":{"self":[{"href":"https:\/\/ferineks.com\/en\/wp-json\/wp\/v2\/pages\/75","targetHints":{"allow":["GET"]}}],"collection":[{"href":"https:\/\/ferineks.com\/en\/wp-json\/wp\/v2\/pages"}],"about":[{"href":"https:\/\/ferineks.com\/en\/wp-json\/wp\/v2\/types\/page"}],"author":[{"embeddable":true,"href":"https:\/\/ferineks.com\/en\/wp-json\/wp\/v2\/users\/1"}],"replies":[{"embeddable":true,"href":"https:\/\/ferineks.com\/en\/wp-json\/wp\/v2\/comments?post=75"}],"version-history":[{"count":7,"href":"https:\/\/ferineks.com\/en\/wp-json\/wp\/v2\/pages\/75\/revisions"}],"predecessor-version":[{"id":1305,"href":"https:\/\/ferineks.com\/en\/wp-json\/wp\/v2\/pages\/75\/revisions\/1305"}],"up":[{"embeddable":true,"href":"https:\/\/ferineks.com\/en\/wp-json\/wp\/v2\/pages\/71"}],"wp:featuredmedia":[{"embeddable":true,"href":"https:\/\/ferineks.com\/en\/wp-json\/wp\/v2\/media\/982"}],"wp:attachment":[{"href":"https:\/\/ferineks.com\/en\/wp-json\/wp\/v2\/media?parent=75"}],"curies":[{"name":"wp","href":"https:\/\/api.w.org\/{rel}","templated":true}]}}