{"id":8,"date":"2023-08-06T19:35:49","date_gmt":"2023-08-06T19:35:49","guid":{"rendered":"https:\/\/ferineks.com\/?page_id=8"},"modified":"2024-04-01T22:08:37","modified_gmt":"2024-04-01T22:08:37","slug":"anasayfa","status":"publish","type":"page","link":"https:\/\/ferineks.com\/en\/","title":{"rendered":"Home"},"content":{"rendered":"<p>Ferineks \u00c7elik &#8211; Silisli sac nedir?<br \/>Silisli sac, elektrik \u00e7eli\u011fi (NGO, E-\u00e7elik, laminasyon \u00e7eli\u011fi, silikon elektrik \u00e7eli\u011fi, silikon \u00e7eli\u011fi), belirli manyetik \u00f6zellikler g\u00f6sterebilmesi i\u00e7in \u00f6zel olarak \u00fcretilmi\u015f bir \u00e7eliktir \u00e7e\u015fididir. D\u00fc\u015f\u00fck g\u00fc\u00e7 kayb\u0131 ve y\u00fcksek ge\u00e7irgenlik sa\u011flamas\u0131 beklenir.\u00a0 Silisli sac, elektrik motorlar\u0131n\u0131n stator ve rotor lamine \u00e7ekirdeklerini \u00fcretmek i\u00e7in kullan\u0131l\u0131r. Silisli sac levhalardan veya dilimlerden kesilmi\u015f par\u00e7alar lamine edilir, akabinde bak\u0131r tel sar\u0131m a\u015famas\u0131na ge\u00e7ilir.<\/p>\r\n<p>Kal\u0131pla kesme, lazerle kesme ve tel erozyon kullan\u0131lan \u00fcretim y\u00f6ntemlerinden baz\u0131lar\u0131d\u0131r. Saclar\u0131n \u00fcretimleri s\u0131ras\u0131nda y\u00fczeylerine yal\u0131tkan bir vernik uygulamas\u0131 yap\u0131l\u0131r. Bu vernik lamine edilen plakalar aras\u0131nda elektrik ak\u0131m\u0131n\u0131n ge\u00e7i\u015fini engeller. Elektrikli motorlu ara\u00e7lara olan talebin artmas\u0131 ile birlikte bu \u00fcr\u00fcn grubu talebi s\u00fcrekli artan bir hammadde olarak kar\u015f\u0131m\u0131za gelmektedir.<\/p>","protected":false},"excerpt":{"rendered":"<p>Ferineks \u00c7elik &#8211; Silisli sac nedir?Silisli sac, elektrik \u00e7eli\u011fi (NGO, E-\u00e7elik, laminasyon \u00e7eli\u011fi, silikon elektrik \u00e7eli\u011fi, silikon \u00e7eli\u011fi), belirli manyetik \u00f6zellikler g\u00f6sterebilmesi i\u00e7in \u00f6zel olarak \u00fcretilmi\u015f bir \u00e7eliktir \u00e7e\u015fididir. D\u00fc\u015f\u00fck g\u00fc\u00e7 kayb\u0131 ve y\u00fcksek ge\u00e7irgenlik sa\u011flamas\u0131 beklenir.\u00a0 Silisli sac, elektrik motorlar\u0131n\u0131n stator ve rotor lamine \u00e7ekirdeklerini \u00fcretmek i\u00e7in kullan\u0131l\u0131r. Silisli sac levhalardan veya dilimlerden kesilmi\u015f [&hellip;]<\/p>","protected":false},"author":1,"featured_media":0,"parent":0,"menu_order":0,"comment_status":"closed","ping_status":"closed","template":"","meta":{"_monsterinsights_skip_tracking":false,"_monsterinsights_sitenote_active":false,"_monsterinsights_sitenote_note":"","_monsterinsights_sitenote_category":0,"footnotes":""},"class_list":["post-8","page","type-page","status-publish","hentry"],"aioseo_notices":[],"_links":{"self":[{"href":"https:\/\/ferineks.com\/en\/wp-json\/wp\/v2\/pages\/8","targetHints":{"allow":["GET"]}}],"collection":[{"href":"https:\/\/ferineks.com\/en\/wp-json\/wp\/v2\/pages"}],"about":[{"href":"https:\/\/ferineks.com\/en\/wp-json\/wp\/v2\/types\/page"}],"author":[{"embeddable":true,"href":"https:\/\/ferineks.com\/en\/wp-json\/wp\/v2\/users\/1"}],"replies":[{"embeddable":true,"href":"https:\/\/ferineks.com\/en\/wp-json\/wp\/v2\/comments?post=8"}],"version-history":[{"count":161,"href":"https:\/\/ferineks.com\/en\/wp-json\/wp\/v2\/pages\/8\/revisions"}],"predecessor-version":[{"id":1411,"href":"https:\/\/ferineks.com\/en\/wp-json\/wp\/v2\/pages\/8\/revisions\/1411"}],"wp:attachment":[{"href":"https:\/\/ferineks.com\/en\/wp-json\/wp\/v2\/media?parent=8"}],"curies":[{"name":"wp","href":"https:\/\/api.w.org\/{rel}","templated":true}]}}